{"id":5300,"date":"2023-02-08T13:30:30","date_gmt":"2023-02-08T13:30:30","guid":{"rendered":"https:\/\/testomgeving.saharastay.nl\/sahara-zelte\/dreamer-deluxe-2-personen"},"modified":"2025-11-25T09:47:07","modified_gmt":"2025-11-25T09:47:07","slug":"dreamer-deluxe-2-personen","status":"publish","type":"page","link":"https:\/\/saharastay.nl\/de\/sahara-zelte\/dreamer-deluxe-2-personen","title":{"rendered":"Dreamer Deluxe 2 Personen"},"content":{"rendered":"\t\t<div data-elementor-type=\"wp-page\" data-elementor-id=\"5300\" class=\"elementor elementor-5300 elementor-3170\" data-elementor-post-type=\"page\">\n\t\t\t\t<div class=\"elementor-element elementor-element-5e1c8d2 e-flex e-con-boxed e-con e-parent\" data-id=\"5e1c8d2\" data-element_type=\"container\" data-e-type=\"container\">\n\t\t\t\t\t<div class=\"e-con-inner\">\n\t\t\t\t<div class=\"elementor-element elementor-element-abbe675 elementor-widget elementor-widget-html\" data-id=\"abbe675\" data-element_type=\"widget\" data-e-type=\"widget\" data-widget_type=\"html.default\">\n\t\t\t\t<div class=\"elementor-widget-container\">\n\t\t\t\t\t<h2><bookzo-object-part apikey=\"7wjV76ReD4Lj\" groupid=\"4\" config='{\"object\":{\"part\":\"name\"}}'><\/bookzo-object-part><\/h2>\t\t\t\t<\/div>\n\t\t\t\t<\/div>\n\t\t\t\t\t<\/div>\n\t\t\t\t<\/div>\n\t\t<div class=\"elementor-element elementor-element-425f9b0 e-flex e-con-boxed e-con e-parent\" data-id=\"425f9b0\" data-element_type=\"container\" data-e-type=\"container\">\n\t\t\t\t\t<div class=\"e-con-inner\">\n\t\t<div class=\"elementor-element elementor-element-1500a98 e-con-full e-flex e-con e-child\" data-id=\"1500a98\" data-element_type=\"container\" data-e-type=\"container\">\n\t\t\t\t<\/div>\n\t\t<div class=\"elementor-element elementor-element-960fe18 e-con-full e-flex e-con e-child\" data-id=\"960fe18\" data-element_type=\"container\" data-e-type=\"container\">\n\t\t\t\t<div class=\"elementor-element elementor-element-745cdfe elementor-widget elementor-widget-html\" data-id=\"745cdfe\" data-element_type=\"widget\" data-e-type=\"widget\" data-widget_type=\"html.default\">\n\t\t\t\t<div class=\"elementor-widget-container\">\n\t\t\t\t\t<bookzo-object-part apikey=\"7wjV76ReD4Lj\" groupid=\"4\" config='{\"object\":{\"part\":\"icons\"}}'><\/bookzo-object-part>\t\t\t\t<\/div>\n\t\t\t\t<\/div>\n\t\t\t\t<\/div>\n\t\t<div class=\"elementor-element elementor-element-d5b4ec6 e-con-full e-flex e-con e-child\" data-id=\"d5b4ec6\" data-element_type=\"container\" data-e-type=\"container\">\n\t\t\t\t<\/div>\n\t\t\t\t\t<\/div>\n\t\t\t\t<\/div>\n\t\t<div class=\"elementor-element elementor-element-b41094b e-flex e-con-boxed e-con e-parent\" data-id=\"b41094b\" data-element_type=\"container\" data-e-type=\"container\">\n\t\t\t\t\t<div class=\"e-con-inner\">\n\t\t<div class=\"elementor-element elementor-element-35349de e-flex e-con-boxed e-con e-child\" data-id=\"35349de\" data-element_type=\"container\" data-e-type=\"container\">\n\t\t\t\t\t<div class=\"e-con-inner\">\n\t\t\t\t<div class=\"elementor-element elementor-element-6e2f815 elementor-widget elementor-widget-html\" data-id=\"6e2f815\" data-element_type=\"widget\" data-e-type=\"widget\" data-widget_type=\"html.default\">\n\t\t\t\t<div class=\"elementor-widget-container\">\n\t\t\t\t\t<bookzo-object-part apikey=\"7wjV76ReD4Lj\" groupid=\"4\" config='{\"object\":{\"part\":\"description\"}}'><\/bookzo-object-part>\t\t\t\t<\/div>\n\t\t\t\t<\/div>\n\t\t\t\t\t<\/div>\n\t\t\t\t<\/div>\n\t\t<div class=\"elementor-element elementor-element-60fd1c4 e-flex e-con-boxed e-con e-child\" data-id=\"60fd1c4\" data-element_type=\"container\" data-e-type=\"container\">\n\t\t\t\t\t<div class=\"e-con-inner\">\n\t\t\t\t<div class=\"elementor-element elementor-element-1e936ee elementor-widget elementor-widget-html\" data-id=\"1e936ee\" data-element_type=\"widget\" data-e-type=\"widget\" data-widget_type=\"html.default\">\n\t\t\t\t<div class=\"elementor-widget-container\">\n\t\t\t\t\t<bookzo-object-part apikey=\"7wjV76ReD4Lj\" groupid=\"4\" config='{\"object\":{\"part\":\"images\"}}'><\/bookzo-object-part>\t\t\t\t<\/div>\n\t\t\t\t<\/div>\n\t\t\t\t\t<\/div>\n\t\t\t\t<\/div>\n\t\t\t\t\t<\/div>\n\t\t\t\t<\/div>\n\t\t<div class=\"elementor-element elementor-element-4a20727 e-flex e-con-boxed e-con e-parent\" data-id=\"4a20727\" data-element_type=\"container\" data-e-type=\"container\">\n\t\t\t\t\t<div class=\"e-con-inner\">\n\t\t\t\t<div class=\"elementor-element elementor-element-b020c52 elementor-widget elementor-widget-heading\" data-id=\"b020c52\" data-element_type=\"widget\" data-e-type=\"widget\" data-widget_type=\"heading.default\">\n\t\t\t\t<div class=\"elementor-widget-container\">\n\t\t\t\t\t<h2 class=\"elementor-heading-title elementor-size-default\">Eigenschaften<\/h2>\t\t\t\t<\/div>\n\t\t\t\t<\/div>\n\t\t\t\t<div class=\"elementor-element elementor-element-1f8e1b5 elementor-widget elementor-widget-html\" data-id=\"1f8e1b5\" data-element_type=\"widget\" data-e-type=\"widget\" data-widget_type=\"html.default\">\n\t\t\t\t<div class=\"elementor-widget-container\">\n\t\t\t\t\t<bookzo-object-part apikey=\"7wjV76ReD4Lj\" groupid=\"4\" config='{\"object\":{\"part\":\"features\"}}'><\/bookzo-object-part>\t\t\t\t<\/div>\n\t\t\t\t<\/div>\n\t\t\t\t<div class=\"elementor-element elementor-element-473ac50 elementor-widget elementor-widget-heading\" data-id=\"473ac50\" data-element_type=\"widget\" data-e-type=\"widget\" data-widget_type=\"heading.default\">\n\t\t\t\t<div class=\"elementor-widget-container\">\n\t\t\t\t\t<h2 class=\"elementor-heading-title elementor-size-default\">Kalender<\/h2>\t\t\t\t<\/div>\n\t\t\t\t<\/div>\n\t\t\t\t<div class=\"elementor-element elementor-element-2e988ad elementor-widget elementor-widget-html\" data-id=\"2e988ad\" data-element_type=\"widget\" data-e-type=\"widget\" data-widget_type=\"html.default\">\n\t\t\t\t<div class=\"elementor-widget-container\">\n\t\t\t\t\t<bookzo-object-part apikey=\"7wjV76ReD4Lj\" groupid=\"4\" config='{\"object\":{\"part\":\"calendar\",\"showPricesPerNight\":false,\"datepickerPersonsLayout\":\"popup\",\"datepickerPersonsPopupShowInputIcons\":true,\"arrivalDeparturePickerType\":\"length-of-stay\",\"alternativePrices\":{\"showEmptyArrivalDays\":false,\"numberOfNights\":6}}}'><\/bookzo-object-part>\t\t\t\t<\/div>\n\t\t\t\t<\/div>\n\t\t\t\t\t<\/div>\n\t\t\t\t<\/div>\n\t\t\t\t<section class=\"elementor-section elementor-top-section elementor-element elementor-element-3d2a839 elementor-section-boxed elementor-section-height-default elementor-section-height-default\" data-id=\"3d2a839\" data-element_type=\"section\" data-e-type=\"section\">\n\t\t\t\t\t\t<div class=\"elementor-container elementor-column-gap-default\">\n\t\t\t\t\t<div class=\"elementor-column elementor-col-100 elementor-top-column elementor-element elementor-element-8e59f5f\" data-id=\"8e59f5f\" data-element_type=\"column\" data-e-type=\"column\" data-settings=\"{&quot;background_background&quot;:&quot;classic&quot;}\">\n\t\t\t<div class=\"elementor-widget-wrap elementor-element-populated\">\n\t\t\t\t\t\t<div class=\"elementor-element elementor-element-7633498 elementor-widget elementor-widget-heading\" data-id=\"7633498\" data-element_type=\"widget\" data-e-type=\"widget\" data-widget_type=\"heading.default\">\n\t\t\t\t<div class=\"elementor-widget-container\">\n\t\t\t\t\t<h2 class=\"elementor-heading-title elementor-size-default\">Mehr Informationen<\/h2>\t\t\t\t<\/div>\n\t\t\t\t<\/div>\n\t\t\t\t<div class=\"elementor-element elementor-element-afe300a elementor-tabs-view-horizontal elementor-widget elementor-widget-tabs\" data-id=\"afe300a\" data-element_type=\"widget\" data-e-type=\"widget\" data-widget_type=\"tabs.default\">\n\t\t\t\t<div class=\"elementor-widget-container\">\n\t\t\t\t\t\t\t<div class=\"elementor-tabs\">\n\t\t\t<div class=\"elementor-tabs-wrapper\" role=\"tablist\" >\n\t\t\t\t\t\t\t\t\t<div id=\"elementor-tab-title-1841\" class=\"elementor-tab-title elementor-tab-desktop-title\" aria-selected=\"true\" data-tab=\"1\" role=\"tab\" tabindex=\"0\" aria-controls=\"elementor-tab-content-1841\" aria-expanded=\"false\">Sahara Zelte  <\/div>\n\t\t\t\t\t\t\t\t\t<div id=\"elementor-tab-title-1842\" class=\"elementor-tab-title elementor-tab-desktop-title\" aria-selected=\"false\" data-tab=\"2\" role=\"tab\" tabindex=\"-1\" aria-controls=\"elementor-tab-content-1842\" aria-expanded=\"false\">Zus\u00e4tzliche Buchungen<\/div>\n\t\t\t\t\t\t\t\t\t<div id=\"elementor-tab-title-1843\" class=\"elementor-tab-title elementor-tab-desktop-title\" aria-selected=\"false\" data-tab=\"3\" role=\"tab\" tabindex=\"-1\" aria-controls=\"elementor-tab-content-1843\" aria-expanded=\"false\">Extras<\/div>\n\t\t\t\t\t\t\t\t\t<div id=\"elementor-tab-title-1844\" class=\"elementor-tab-title elementor-tab-desktop-title\" aria-selected=\"false\" data-tab=\"4\" role=\"tab\" tabindex=\"-1\" aria-controls=\"elementor-tab-content-1844\" aria-expanded=\"false\">Praktisch<\/div>\n\t\t\t\t\t\t\t<\/div>\n\t\t\t<div class=\"elementor-tabs-content-wrapper\" role=\"tablist\" aria-orientation=\"vertical\">\n\t\t\t\t\t\t\t\t\t<div class=\"elementor-tab-title elementor-tab-mobile-title\" aria-selected=\"true\" data-tab=\"1\" role=\"tab\" tabindex=\"0\" aria-controls=\"elementor-tab-content-1841\" aria-expanded=\"false\">Sahara Zelte  <\/div>\n\t\t\t\t\t<div id=\"elementor-tab-content-1841\" class=\"elementor-tab-content elementor-clearfix\" data-tab=\"1\" role=\"tabpanel\" aria-labelledby=\"elementor-tab-title-1841\" tabindex=\"0\" hidden=\"false\"><p>Schlafen Sie in einem unserer luxuri\u00f6sen Glamping-Zelte:<\/p>\n<ul>\n<li>Sahara Zelt 4 Personen&nbsp;<\/li>\n<li>Sahara Zelt 6 Personen&nbsp;<\/li>\n<li style=\"font-size: 20px;\">Dreamer 2 Personen&nbsp;<\/li>\n<li>Dreamer Deluxe 2 Personen<\/li>\n<li>Dreamer + Dreamer Deluxe Kombi<\/li>\n<\/ul><\/div>\n\t\t\t\t\t\t\t\t\t<div class=\"elementor-tab-title elementor-tab-mobile-title\" aria-selected=\"false\" data-tab=\"2\" role=\"tab\" tabindex=\"-1\" aria-controls=\"elementor-tab-content-1842\" aria-expanded=\"false\">Zus\u00e4tzliche Buchungen<\/div>\n\t\t\t\t\t<div id=\"elementor-tab-content-1842\" class=\"elementor-tab-content elementor-clearfix\" data-tab=\"2\" role=\"tabpanel\" aria-labelledby=\"elementor-tab-title-1842\" tabindex=\"0\" hidden=\"hidden\"><ul>\n<li>Surfunterricht + Ausr\u00fcstung<\/li>\n<li>Massagen<\/li>\n<li>Whirlpool<\/li>\n<li>Fr\u00fchst\u00fccksservice<\/li>\n<\/ul>\n<\/div>\n\t\t\t\t\t\t\t\t\t<div class=\"elementor-tab-title elementor-tab-mobile-title\" aria-selected=\"false\" data-tab=\"3\" role=\"tab\" tabindex=\"-1\" aria-controls=\"elementor-tab-content-1843\" aria-expanded=\"false\">Extras<\/div>\n\t\t\t\t\t<div id=\"elementor-tab-content-1843\" class=\"elementor-tab-content elementor-clearfix\" data-tab=\"3\" role=\"tabpanel\" aria-labelledby=\"elementor-tab-title-1843\" tabindex=\"0\" hidden=\"hidden\"><ul>\n<li>Gem\u00fctliche Abende<\/li>\n<li>Willkommenspaket<\/li>\n<li>M\u00e4rchenbuch<\/li>\n<li>Freunde Buch<\/li>\n<li>Spiele<\/li>\n<\/ul>\n<\/div>\n\t\t\t\t\t\t\t\t\t<div class=\"elementor-tab-title elementor-tab-mobile-title\" aria-selected=\"false\" data-tab=\"4\" role=\"tab\" tabindex=\"-1\" aria-controls=\"elementor-tab-content-1844\" aria-expanded=\"false\">Praktisch<\/div>\n\t\t\t\t\t<div id=\"elementor-tab-content-1844\" class=\"elementor-tab-content elementor-clearfix\" data-tab=\"4\" role=\"tabpanel\" aria-labelledby=\"elementor-tab-title-1844\" tabindex=\"0\" hidden=\"hidden\"><ul>\n<li>Einchecken ab 15:00, Auschecken vor 10:00<\/li>\n<li>Haustiere in der Anzahl der Zelte erlaubt<\/li>\n<li>Kostenloses Parken vor Ort<\/li>\n<li>Kostenloses WIFI verf\u00fcgbar<\/li>\n<\/ul>\n<\/div>\n\t\t\t\t\t\t\t<\/div>\n\t\t<\/div>\n\t\t\t\t\t\t<\/div>\n\t\t\t\t<\/div>\n\t\t\t\t\t<\/div>\n\t\t<\/div>\n\t\t\t\t\t<\/div>\n\t\t<\/section>\n\t\t\t\t<\/div>\n\t\t","protected":false},"excerpt":{"rendered":"<p>Eigenschaften Kalender Mehr Informationen Sahara Zelte Zus\u00e4tzliche Buchungen Extras Praktisch Sahara Zelte Schlafen Sie in einem unserer luxuri\u00f6sen Glamping-Zelte: Sahara Zelt 4 Personen&nbsp; Sahara Zelt 6 Personen&nbsp; Dreamer 2 Personen&nbsp; Dreamer Deluxe 2 Personen Dreamer + Dreamer Deluxe Kombi Zus\u00e4tzliche Buchungen Surfunterricht + Ausr\u00fcstung Massagen Whirlpool Fr\u00fchst\u00fccksservice Extras Gem\u00fctliche Abende Willkommenspaket M\u00e4rchenbuch Freunde Buch Spiele [&hellip;]<\/p>\n","protected":false},"author":1,"featured_media":0,"parent":5271,"menu_order":0,"comment_status":"closed","ping_status":"closed","template":"","meta":{"footnotes":""},"class_list":["post-5300","page","type-page","status-publish","hentry"],"yoast_head":"<!-- This site is optimized with the Yoast SEO plugin v27.4 - https:\/\/yoast.com\/product\/yoast-seo-wordpress\/ -->\n<title>Dreamer Deluxe 2 Personen - Sahara Stay<\/title>\n<meta name=\"description\" content=\"Der Dreamer Deluxe ist nur ein wenig aufwendiger als der Dreamer. Oben k\u00f6nnen Sie darin schlafen, unten finden Sie eine K\u00fcche und einen Esstisch.\" \/>\n<meta name=\"robots\" content=\"index, follow, max-snippet:-1, max-image-preview:large, max-video-preview:-1\" \/>\n<link rel=\"canonical\" href=\"https:\/\/saharastay.nl\/de\/sahara-zelte\/dreamer-deluxe-2-personen\" \/>\n<meta property=\"og:locale\" content=\"de_DE\" \/>\n<meta property=\"og:type\" content=\"article\" \/>\n<meta property=\"og:title\" content=\"Dreamer Deluxe 2 Personen - Sahara Stay\" \/>\n<meta property=\"og:description\" content=\"Der Dreamer Deluxe ist nur ein wenig aufwendiger als der Dreamer. Oben k\u00f6nnen Sie darin schlafen, unten finden Sie eine K\u00fcche und einen Esstisch.\" \/>\n<meta property=\"og:url\" content=\"https:\/\/saharastay.nl\/de\/sahara-zelte\/dreamer-deluxe-2-personen\" \/>\n<meta property=\"og:site_name\" content=\"Sahara Stay\" \/>\n<meta property=\"article:publisher\" content=\"https:\/\/www.facebook.com\/people\/Sahara-Stay\/100088721635844\/\" \/>\n<meta property=\"article:modified_time\" content=\"2025-11-25T09:47:07+00:00\" \/>\n<meta name=\"twitter:card\" content=\"summary_large_image\" \/>\n<meta name=\"twitter:label1\" content=\"Gesch\u00e4tzte Lesezeit\" \/>\n\t<meta name=\"twitter:data1\" content=\"1\u00a0Minute\" \/>\n<script type=\"application\/ld+json\" class=\"yoast-schema-graph\">{\"@context\":\"https:\\\/\\\/schema.org\",\"@graph\":[{\"@type\":\"WebPage\",\"@id\":\"https:\\\/\\\/saharastay.nl\\\/de\\\/sahara-zelte\\\/dreamer-deluxe-2-personen\",\"url\":\"https:\\\/\\\/saharastay.nl\\\/de\\\/sahara-zelte\\\/dreamer-deluxe-2-personen\",\"name\":\"Dreamer Deluxe 2 Personen - Sahara Stay\",\"isPartOf\":{\"@id\":\"https:\\\/\\\/saharastay.nl\\\/de#website\"},\"datePublished\":\"2023-02-08T13:30:30+00:00\",\"dateModified\":\"2025-11-25T09:47:07+00:00\",\"description\":\"Der Dreamer Deluxe ist nur ein wenig aufwendiger als der Dreamer. Oben k\u00f6nnen Sie darin schlafen, unten finden Sie eine K\u00fcche und einen Esstisch.\",\"breadcrumb\":{\"@id\":\"https:\\\/\\\/saharastay.nl\\\/de\\\/sahara-zelte\\\/dreamer-deluxe-2-personen#breadcrumb\"},\"inLanguage\":\"de\",\"potentialAction\":[{\"@type\":\"ReadAction\",\"target\":[\"https:\\\/\\\/saharastay.nl\\\/de\\\/sahara-zelte\\\/dreamer-deluxe-2-personen\"]}]},{\"@type\":\"BreadcrumbList\",\"@id\":\"https:\\\/\\\/saharastay.nl\\\/de\\\/sahara-zelte\\\/dreamer-deluxe-2-personen#breadcrumb\",\"itemListElement\":[{\"@type\":\"ListItem\",\"position\":1,\"name\":\"Home\",\"item\":\"https:\\\/\\\/saharastay.nl\\\/de\\\/sahara-zuhause-bleiben\"},{\"@type\":\"ListItem\",\"position\":2,\"name\":\"Sahara Zelte\",\"item\":\"https:\\\/\\\/saharastay.nl\\\/de\\\/sahara-zelte\"},{\"@type\":\"ListItem\",\"position\":3,\"name\":\"Dreamer Deluxe 2 Personen\"}]},{\"@type\":\"WebSite\",\"@id\":\"https:\\\/\\\/saharastay.nl\\\/de#website\",\"url\":\"https:\\\/\\\/saharastay.nl\\\/de\",\"name\":\"Sahara Stay\",\"description\":\"\",\"publisher\":{\"@id\":\"https:\\\/\\\/saharastay.nl\\\/de#organization\"},\"potentialAction\":[{\"@type\":\"SearchAction\",\"target\":{\"@type\":\"EntryPoint\",\"urlTemplate\":\"https:\\\/\\\/saharastay.nl\\\/de?s={search_term_string}\"},\"query-input\":{\"@type\":\"PropertyValueSpecification\",\"valueRequired\":true,\"valueName\":\"search_term_string\"}}],\"inLanguage\":\"de\"},{\"@type\":\"Organization\",\"@id\":\"https:\\\/\\\/saharastay.nl\\\/de#organization\",\"name\":\"Sahara Stay\",\"url\":\"https:\\\/\\\/saharastay.nl\\\/de\",\"logo\":{\"@type\":\"ImageObject\",\"inLanguage\":\"de\",\"@id\":\"https:\\\/\\\/saharastay.nl\\\/de#\\\/schema\\\/logo\\\/image\\\/\",\"url\":\"https:\\\/\\\/saharastay.nl\\\/wp-content\\\/uploads\\\/2022\\\/12\\\/Sahara_Stay_-_Surf_en_relax-removebg-preview.png\",\"contentUrl\":\"https:\\\/\\\/saharastay.nl\\\/wp-content\\\/uploads\\\/2022\\\/12\\\/Sahara_Stay_-_Surf_en_relax-removebg-preview.png\",\"width\":498,\"height\":501,\"caption\":\"Sahara Stay\"},\"image\":{\"@id\":\"https:\\\/\\\/saharastay.nl\\\/de#\\\/schema\\\/logo\\\/image\\\/\"},\"sameAs\":[\"https:\\\/\\\/www.facebook.com\\\/people\\\/Sahara-Stay\\\/100088721635844\\\/\",\"https:\\\/\\\/www.instagram.com\\\/saharastay\\\/\"]}]}<\/script>\n<!-- \/ Yoast SEO plugin. -->","yoast_head_json":{"title":"Dreamer Deluxe 2 Personen - Sahara Stay","description":"Der Dreamer Deluxe ist nur ein wenig aufwendiger als der Dreamer. Oben k\u00f6nnen Sie darin schlafen, unten finden Sie eine K\u00fcche und einen Esstisch.","robots":{"index":"index","follow":"follow","max-snippet":"max-snippet:-1","max-image-preview":"max-image-preview:large","max-video-preview":"max-video-preview:-1"},"canonical":"https:\/\/saharastay.nl\/de\/sahara-zelte\/dreamer-deluxe-2-personen","og_locale":"de_DE","og_type":"article","og_title":"Dreamer Deluxe 2 Personen - Sahara Stay","og_description":"Der Dreamer Deluxe ist nur ein wenig aufwendiger als der Dreamer. Oben k\u00f6nnen Sie darin schlafen, unten finden Sie eine K\u00fcche und einen Esstisch.","og_url":"https:\/\/saharastay.nl\/de\/sahara-zelte\/dreamer-deluxe-2-personen","og_site_name":"Sahara Stay","article_publisher":"https:\/\/www.facebook.com\/people\/Sahara-Stay\/100088721635844\/","article_modified_time":"2025-11-25T09:47:07+00:00","twitter_card":"summary_large_image","twitter_misc":{"Gesch\u00e4tzte Lesezeit":"1\u00a0Minute"},"schema":{"@context":"https:\/\/schema.org","@graph":[{"@type":"WebPage","@id":"https:\/\/saharastay.nl\/de\/sahara-zelte\/dreamer-deluxe-2-personen","url":"https:\/\/saharastay.nl\/de\/sahara-zelte\/dreamer-deluxe-2-personen","name":"Dreamer Deluxe 2 Personen - Sahara Stay","isPartOf":{"@id":"https:\/\/saharastay.nl\/de#website"},"datePublished":"2023-02-08T13:30:30+00:00","dateModified":"2025-11-25T09:47:07+00:00","description":"Der Dreamer Deluxe ist nur ein wenig aufwendiger als der Dreamer. Oben k\u00f6nnen Sie darin schlafen, unten finden Sie eine K\u00fcche und einen Esstisch.","breadcrumb":{"@id":"https:\/\/saharastay.nl\/de\/sahara-zelte\/dreamer-deluxe-2-personen#breadcrumb"},"inLanguage":"de","potentialAction":[{"@type":"ReadAction","target":["https:\/\/saharastay.nl\/de\/sahara-zelte\/dreamer-deluxe-2-personen"]}]},{"@type":"BreadcrumbList","@id":"https:\/\/saharastay.nl\/de\/sahara-zelte\/dreamer-deluxe-2-personen#breadcrumb","itemListElement":[{"@type":"ListItem","position":1,"name":"Home","item":"https:\/\/saharastay.nl\/de\/sahara-zuhause-bleiben"},{"@type":"ListItem","position":2,"name":"Sahara Zelte","item":"https:\/\/saharastay.nl\/de\/sahara-zelte"},{"@type":"ListItem","position":3,"name":"Dreamer Deluxe 2 Personen"}]},{"@type":"WebSite","@id":"https:\/\/saharastay.nl\/de#website","url":"https:\/\/saharastay.nl\/de","name":"Sahara Stay","description":"","publisher":{"@id":"https:\/\/saharastay.nl\/de#organization"},"potentialAction":[{"@type":"SearchAction","target":{"@type":"EntryPoint","urlTemplate":"https:\/\/saharastay.nl\/de?s={search_term_string}"},"query-input":{"@type":"PropertyValueSpecification","valueRequired":true,"valueName":"search_term_string"}}],"inLanguage":"de"},{"@type":"Organization","@id":"https:\/\/saharastay.nl\/de#organization","name":"Sahara Stay","url":"https:\/\/saharastay.nl\/de","logo":{"@type":"ImageObject","inLanguage":"de","@id":"https:\/\/saharastay.nl\/de#\/schema\/logo\/image\/","url":"https:\/\/saharastay.nl\/wp-content\/uploads\/2022\/12\/Sahara_Stay_-_Surf_en_relax-removebg-preview.png","contentUrl":"https:\/\/saharastay.nl\/wp-content\/uploads\/2022\/12\/Sahara_Stay_-_Surf_en_relax-removebg-preview.png","width":498,"height":501,"caption":"Sahara Stay"},"image":{"@id":"https:\/\/saharastay.nl\/de#\/schema\/logo\/image\/"},"sameAs":["https:\/\/www.facebook.com\/people\/Sahara-Stay\/100088721635844\/","https:\/\/www.instagram.com\/saharastay\/"]}]}},"_links":{"self":[{"href":"https:\/\/saharastay.nl\/de\/wp-json\/wp\/v2\/pages\/5300","targetHints":{"allow":["GET"]}}],"collection":[{"href":"https:\/\/saharastay.nl\/de\/wp-json\/wp\/v2\/pages"}],"about":[{"href":"https:\/\/saharastay.nl\/de\/wp-json\/wp\/v2\/types\/page"}],"author":[{"embeddable":true,"href":"https:\/\/saharastay.nl\/de\/wp-json\/wp\/v2\/users\/1"}],"replies":[{"embeddable":true,"href":"https:\/\/saharastay.nl\/de\/wp-json\/wp\/v2\/comments?post=5300"}],"version-history":[{"count":5,"href":"https:\/\/saharastay.nl\/de\/wp-json\/wp\/v2\/pages\/5300\/revisions"}],"predecessor-version":[{"id":5467,"href":"https:\/\/saharastay.nl\/de\/wp-json\/wp\/v2\/pages\/5300\/revisions\/5467"}],"up":[{"embeddable":true,"href":"https:\/\/saharastay.nl\/de\/wp-json\/wp\/v2\/pages\/5271"}],"wp:attachment":[{"href":"https:\/\/saharastay.nl\/de\/wp-json\/wp\/v2\/media?parent=5300"}],"curies":[{"name":"wp","href":"https:\/\/api.w.org\/{rel}","templated":true}]}}