{"id":5816,"date":"2024-09-11T14:27:16","date_gmt":"2024-09-11T14:27:16","guid":{"rendered":"https:\/\/saharastay.nl\/?page_id=5816"},"modified":"2026-02-17T14:58:10","modified_gmt":"2026-02-17T14:58:10","slug":"westland-enten-tour","status":"publish","type":"page","link":"https:\/\/saharastay.nl\/de\/westland-enten-tour","title":{"rendered":"Westland Enten-Tour"},"content":{"rendered":"\t\t<div data-elementor-type=\"wp-page\" data-elementor-id=\"5816\" class=\"elementor elementor-5816 elementor-5814\" data-elementor-post-type=\"page\">\n\t\t\t\t\t\t<section class=\"elementor-section elementor-top-section elementor-element elementor-element-7ffa461f elementor-section-boxed elementor-section-height-default elementor-section-height-default\" data-id=\"7ffa461f\" data-element_type=\"section\" data-e-type=\"section\">\n\t\t\t\t\t\t<div class=\"elementor-container elementor-column-gap-default\">\n\t\t\t\t\t<div class=\"elementor-column elementor-col-100 elementor-top-column elementor-element elementor-element-72b54edc\" data-id=\"72b54edc\" data-element_type=\"column\" data-e-type=\"column\">\n\t\t\t<div class=\"elementor-widget-wrap elementor-element-populated\">\n\t\t\t\t\t\t<div class=\"elementor-element elementor-element-6bf4224f elementor-widget elementor-widget-heading\" data-id=\"6bf4224f\" data-element_type=\"widget\" data-e-type=\"widget\" data-widget_type=\"heading.default\">\n\t\t\t\t<div class=\"elementor-widget-container\">\n\t\t\t\t\t<h2 class=\"elementor-heading-title elementor-size-default\">Westland Enten-Tour<\/h2>\t\t\t\t<\/div>\n\t\t\t\t<\/div>\n\t\t\t\t\t<\/div>\n\t\t<\/div>\n\t\t\t\t\t<\/div>\n\t\t<\/section>\n\t\t\t\t<section class=\"elementor-section elementor-top-section elementor-element elementor-element-516cace3 elementor-section-boxed elementor-section-height-default elementor-section-height-default\" data-id=\"516cace3\" data-element_type=\"section\" data-e-type=\"section\">\n\t\t\t\t\t\t<div class=\"elementor-container elementor-column-gap-default\">\n\t\t\t\t\t<div class=\"elementor-column elementor-col-33 elementor-top-column elementor-element elementor-element-1af5cfe5\" data-id=\"1af5cfe5\" data-element_type=\"column\" data-e-type=\"column\">\n\t\t\t<div class=\"elementor-widget-wrap elementor-element-populated\">\n\t\t\t\t\t\t<div class=\"elementor-element elementor-element-290d39b9 elementor-icon-list--layout-traditional elementor-list-item-link-full_width elementor-widget elementor-widget-icon-list\" data-id=\"290d39b9\" data-element_type=\"widget\" data-e-type=\"widget\" data-widget_type=\"icon-list.default\">\n\t\t\t\t<div class=\"elementor-widget-container\">\n\t\t\t\t\t\t\t<ul class=\"elementor-icon-list-items\">\n\t\t\t\t\t\t\t<li class=\"elementor-icon-list-item\">\n\t\t\t\t\t\t\t\t\t\t\t<span class=\"elementor-icon-list-icon\">\n\t\t\t\t\t\t\t<i aria-hidden=\"true\" class=\"fas fa-car-side\"><\/i>\t\t\t\t\t\t<\/span>\n\t\t\t\t\t\t\t\t\t\t<span class=\"elementor-icon-list-text\">Verschiedene Arrangements<\/span>\n\t\t\t\t\t\t\t\t\t<\/li>\n\t\t\t\t\t\t<\/ul>\n\t\t\t\t\t\t<\/div>\n\t\t\t\t<\/div>\n\t\t\t\t\t<\/div>\n\t\t<\/div>\n\t\t\t\t<div class=\"elementor-column elementor-col-33 elementor-top-column elementor-element elementor-element-61ef2806\" data-id=\"61ef2806\" data-element_type=\"column\" data-e-type=\"column\">\n\t\t\t<div class=\"elementor-widget-wrap elementor-element-populated\">\n\t\t\t\t\t\t<div class=\"elementor-element elementor-element-1ed1bbbc elementor-icon-list--layout-traditional elementor-list-item-link-full_width elementor-widget elementor-widget-icon-list\" data-id=\"1ed1bbbc\" data-element_type=\"widget\" data-e-type=\"widget\" data-widget_type=\"icon-list.default\">\n\t\t\t\t<div class=\"elementor-widget-container\">\n\t\t\t\t\t\t\t<ul class=\"elementor-icon-list-items\">\n\t\t\t\t\t\t\t<li class=\"elementor-icon-list-item\">\n\t\t\t\t\t\t\t\t\t\t\t<span class=\"elementor-icon-list-icon\">\n\t\t\t\t\t\t\t<i aria-hidden=\"true\" class=\"fas fa-heart\"><\/i>\t\t\t\t\t\t<\/span>\n\t\t\t\t\t\t\t\t\t\t<span class=\"elementor-icon-list-text\">Spa\u00df f\u00fcr die ganze Familie<\/span>\n\t\t\t\t\t\t\t\t\t<\/li>\n\t\t\t\t\t\t<\/ul>\n\t\t\t\t\t\t<\/div>\n\t\t\t\t<\/div>\n\t\t\t\t\t<\/div>\n\t\t<\/div>\n\t\t\t\t<div class=\"elementor-column elementor-col-33 elementor-top-column elementor-element elementor-element-52afa7e0\" data-id=\"52afa7e0\" data-element_type=\"column\" data-e-type=\"column\">\n\t\t\t<div class=\"elementor-widget-wrap elementor-element-populated\">\n\t\t\t\t\t\t<div class=\"elementor-element elementor-element-40af0c1 elementor-icon-list--layout-traditional elementor-list-item-link-full_width elementor-widget elementor-widget-icon-list\" data-id=\"40af0c1\" data-element_type=\"widget\" data-e-type=\"widget\" data-widget_type=\"icon-list.default\">\n\t\t\t\t<div class=\"elementor-widget-container\">\n\t\t\t\t\t\t\t<ul class=\"elementor-icon-list-items\">\n\t\t\t\t\t\t\t<li class=\"elementor-icon-list-item\">\n\t\t\t\t\t\t\t\t\t\t\t<span class=\"elementor-icon-list-icon\">\n\t\t\t\t\t\t\t<svg xmlns=\"http:\/\/www.w3.org\/2000\/svg\" xmlns:xlink=\"http:\/\/www.w3.org\/1999\/xlink\" id=\"Laag_1\" x=\"0px\" y=\"0px\" viewBox=\"0 0 508.9 489.8\" style=\"enable-background:new 0 0 508.9 489.8;\" xml:space=\"preserve\"><g transform=\"translate(0.000000,1182.000000) scale(0.100000,-0.100000)\">\t<path d=\"M2503,11810.5c-45-18-53-55-53-253v-184l-102-7c-57-4-137-13-178-20c-41-8-76-12-78-11c-2,2-26,83-53,181  c-28,99-58,187-67,196c-27,28-73,32-109,9c-50-32-50-59,1-244c25-90,46-171,46-179c0-9-27-22-72-37c-40-13-115-43-167-67  s-95-43-96-42c-1,2-42,71-90,153c-48,83-96,159-107,170c-29,31-94,27-124-8c-13-16-24-40-24-56c0-23,73-159,168-312l22-37l-82-60  c-46-33-110-83-142-111l-59-50l-145,137c-134,127-147,137-183,137c-48,0-77-27-86-78c-6-37-4-39,140-185l145-147l-39-45  c-22-25-69-87-105-137c-36-51-68-93-70-93s-80,43-173,95c-127,71-178,95-205,95c-63,0-102-63-74-122c11-23,52-52,188-129  c104-58,174-104,172-111s-18-49-37-93s-44-110-56-147c-12-38-27-68-34-68s-100,23-206,51c-110,29-202,48-215,45c-38-10-64-46-64-87  c0-66,15-75,240-133l205-53l-1-29c0-16-6-69-12-119c-7-49-12-114-12-142v-53H284H58l-29-29c-20-20-29-39-29-61s9-41,29-61l29-29  h226h225l6-47c7-60,32-218,40-258l6-30l-213-55c-238-61-258-72-258-138c0-40,24-71,64-86c10-3,110,18,231,49c117,30,217,55,222,55  s17-24,27-52c11-29,40-98,66-154l47-101l-176-98c-97-54-188-107-203-117c-47-33-47-109,1-145c38-29,78-15,277,98  c108,60,198,109,199,107c2-2,25-32,51-68s72-93,102-128l55-63l-168-169c-167-169-168-169-162-206c9-52,38-79,87-79  c37,0,47,8,133,90c50,50,126,123,169,164l76,74l49-41c57-48,197-148,215-154c8-3-30-75-101-194c-66-110-115-204-118-224  c-9-66,57-115,119-89c23,9,54,54,145,208c64,108,118,198,119,200c2,2,47-14,101-36c54-23,123-48,153-58s58-19,61-21  c4-2-18-90-47-196c-30-106-54-203-54-216c0-34,52-82,89-82c61,0,76,28,136,244c30,109,56,201,59,203c2,2,30-1,63-7  c32-6,109-13,171-17l112-6v-208c0-131,4-217,11-232c23-50,91-61,136-23l28,24l3,221l3,220l47,6c50,6,233,41,268,51  c19,5,24-6,63-148c70-253,72-259,92-279c28-28,93-26,124,6c14,13,25,36,25,50s-25,114-55,223s-55,201-55,204s33,22,74,41  s99,51,130,71s60,36,64,36s51-73,105-163c53-90,106-172,117-182c30-27,84-25,115,5c46,43,37,76-76,265c-56,94-103,175-106,182  s32,54,76,105c297,338,487,831,540,1400c15,159-10,346-71,533c-192,589-743,1016-1410,1095c-148,18-414,8-533-19  c-209-49-404-133-566-246c-119-83-311-279-388-394c-179-269-261-541-261-863c0-259,47-456,165-693c178-357,497-633,876-759  c434-144,926-95,1250,125c130,88,247,222,326,374c95,184,185,443,219,630c24,136,24,369,1,488c-84,423-390,760-832,917  c-389,138-773,106-1093-92c-120-74-298-253-371-372c-189-307-229-675-110-1014c120-342,357-582,686-696c140-48,244-66,385-66  c270,0,502,92,679,269c227,228,301,521,229,920c-81,449-290,679-670,736c-315,48-626-42-798-230c-133-145-192-317-192-560  c0-217,58-367,194-500c115-114,236-170,417-195c331-46,652,201,675,519c16,206-113,424-303,514c-64,30-75,32-179,32  c-107,0-112-1-185-37c-130-64-200-143-234-262c-36-126,6-270,106-360c126-113,318-115,416-3c41,47,56,96,51,167  c-5,77-42,130-111,165c-123,61-236,3-193-99c12-28,23-37,58-47c24-6,49-13,56-15c19-5,14-52-7-64c-62-33-153,7-190,83  c-39,81-20,161,55,227c150,132,358,73,452-128c22-47,27-71,27-137c0-71-4-89-33-147c-75-152-260-254-426-233  c-243,30-413,174-457,384c-15,72-6,300,14,362c88,269,330,413,667,396c58-3,135-13,170-22c221-57,364-222,425-491  c87-384,37-653-160-849c-78-78-173-135-295-176c-83-28-111-33-225-37c-155-5-273,16-408,71c-434,177-673,675-552,1153  c56,220,209,439,394,564c79,53,226,122,306,143c289,78,655,10,932-173c245-162,387-362,450-635c25-108,22-352-6-483  c-44-207-151-479-244-619c-53-80-150-178-226-229c-227-153-576-208-912-144c-541,103-979,550-1073,1095c-21,119-21,344,0,466  c90,529,487,951,1021,1086c101,26,122,28,318,28c179,0,227-3,322-23c468-94,862-383,1059-775c83-164,137-388,136-562  c-1-194-72-560-152-775c-49-135-145-326-218-435c-79-118-248-293-342-354c-134-87-273-144-460-188c-145-34-441-43-608-19  c-724,107-1312,637-1491,1344c-40,157-54,295-48,492c7,295,58,501,187,756c95,189,179,303,340,464c196,196,384,321,628,415  c384,148,856,154,1272,15c285-94,509-231,724-439c327-319,508-719,541-1196c14-213-51-650-126-845c-38-100-130-255-231-388  c-93-123-105-150-88-191c15-38,340-348,372-356c53-13,108,37,108,97c0,14-48,69-135,158c-74,75-135,139-135,144c0,4,28,47,62,94  c34,48,63,89,65,91c1,2,83-42,183-98c183-103,224-116,261-88c48,36,48,112,1,145c-15,10-90,54-167,97c-77,42-150,84-163,91l-22,15  l24,47c27,53,72,183,82,237c3,19,9,35,11,35c3,0,101-25,218-55c121-31,221-52,231-49c40,14,64,46,64,85c0,67-14,75-255,138  c-192,51-220,61-218,77c1,11,10,85,20,167l17,147h234h234l29,29c36,37,38,79,5,118l-24,28l-239,5l-238,5l-2,45c-2,25-10,98-19,163  s-14,120-12,121c1,2,100,29,218,59c237,62,250,69,250,138c0,43-24,74-63,84c-13,4-111-17-234-49c-116-31-213-56-216-56  s-13,24-23,53c-9,28-37,99-61,157c-34,81-41,107-31,113c7,4,94,54,192,110c147,83,182,107,189,130c19,60-19,117-79,117  c-27,0-80-25-214-100c-98-55-182-100-187-100s-35,37-66,83c-31,45-76,105-101,132l-44,50l154,156c133,134,154,160,154,187  c0,48-39,87-88,87c-37,0-48-9-194-147l-155-147l-59,50c-32,28-94,76-137,106c-55,39-76,60-72,71c3,8,41,74,84,146  c126,210,130,223,87,273c-30,35-95,39-124,8c-10-11-60-91-112-178c-51-87-96-160-100-162c-4-3-50,15-101,38c-52,24-123,54-159,67  s-66,24-68,26c-2,1,20,86,48,189c52,191,55,221,23,257c-23,26-67,32-102,14c-16-9-32-20-35-25s-29-91-57-192s-52-186-54-188  s-68,7-147,19s-158,24-175,26l-33,5v185c0,145-3,191-15,214C2601,11817.5,2556,11831.5,2503,11810.5z\"><\/path><\/g><\/svg>\t\t\t\t\t\t<\/span>\n\t\t\t\t\t\t\t\t\t\t<span class=\"elementor-icon-list-text\">Erkunden Sie die Umgebung<\/span>\n\t\t\t\t\t\t\t\t\t<\/li>\n\t\t\t\t\t\t<\/ul>\n\t\t\t\t\t\t<\/div>\n\t\t\t\t<\/div>\n\t\t\t\t\t<\/div>\n\t\t<\/div>\n\t\t\t\t\t<\/div>\n\t\t<\/section>\n\t\t\t\t<section class=\"elementor-section elementor-top-section elementor-element elementor-element-2784adc9 elementor-section-boxed elementor-section-height-default elementor-section-height-default\" data-id=\"2784adc9\" data-element_type=\"section\" data-e-type=\"section\">\n\t\t\t\t\t\t<div class=\"elementor-container elementor-column-gap-default\">\n\t\t\t\t\t<div class=\"elementor-column elementor-col-50 elementor-top-column elementor-element elementor-element-238c294d\" data-id=\"238c294d\" data-element_type=\"column\" data-e-type=\"column\">\n\t\t\t<div class=\"elementor-widget-wrap elementor-element-populated\">\n\t\t\t\t\t\t<div class=\"elementor-element elementor-element-b000065 elementor-widget elementor-widget-heading\" data-id=\"b000065\" data-element_type=\"widget\" data-e-type=\"widget\" data-widget_type=\"heading.default\">\n\t\t\t\t<div class=\"elementor-widget-container\">\n\t\t\t\t\t<h2 class=\"elementor-heading-title elementor-size-default\"><br>In einer bunten Ente herumfahren<\/h2>\t\t\t\t<\/div>\n\t\t\t\t<\/div>\n\t\t\t\t<div class=\"elementor-element elementor-element-37c05ca7 elementor-widget elementor-widget-text-editor\" data-id=\"37c05ca7\" data-element_type=\"widget\" data-e-type=\"widget\" data-widget_type=\"text-editor.default\">\n\t\t\t\t<div class=\"elementor-widget-container\">\n\t\t\t\t\t\t\t\t\t<p>Erleben Sie das Westland auf eine gro\u00dfartige Art und Weise mit der Duck Tour Westland!<br \/>\nSteigen Sie in einen klassischen Citro\u00ebn 2CV, oder &#8218;die Ente&#8216;, und erkunden Sie die wundersch\u00f6ne Landschaft auf eine Weise, die Sie so schnell nicht vergessen werden. <\/p>\n\t\t\t\t\t\t\t\t<\/div>\n\t\t\t\t<\/div>\n\t\t<div class=\"elementor-element elementor-element-e202999 e-flex e-con-boxed e-con e-parent\" data-id=\"e202999\" data-element_type=\"container\" data-e-type=\"container\">\n\t\t\t\t\t<div class=\"e-con-inner\">\n\t\t\t\t<div class=\"elementor-element elementor-element-4bde9a3 elementor-widget elementor-widget-heading\" data-id=\"4bde9a3\" data-element_type=\"widget\" data-e-type=\"widget\" data-widget_type=\"heading.default\">\n\t\t\t\t<div class=\"elementor-widget-container\">\n\t\t\t\t\t<h2 class=\"elementor-heading-title elementor-size-default\">Verschiedene Routen<\/h2>\t\t\t\t<\/div>\n\t\t\t\t<\/div>\n\t\t\t\t\t<\/div>\n\t\t\t\t<\/div>\n\t\t\t\t<div class=\"elementor-element elementor-element-99d24c5 elementor-widget elementor-widget-text-editor\" data-id=\"99d24c5\" data-element_type=\"widget\" data-e-type=\"widget\" data-widget_type=\"text-editor.default\">\n\t\t\t\t<div class=\"elementor-widget-container\">\n\t\t\t\t\t\t\t\t\t<p>W\u00e4hlen Sie aus mehreren unterhaltsamen Routen, wie der Westland-Route oder der Randje Delft.<br \/>\nOb Sie durch niedliche D\u00f6rfer oder vorbei an gr\u00fcnen Kuhweiden fahren, jede Route bietet etwas Besonderes.<br \/>\nEs ist eine tolle M\u00f6glichkeit, die Region zu erkunden und eine lustige Fahrt mit Freunden oder der Familie zu genie\u00dfen.<br \/>\nMachen Sie sich auf eine unvergessliche Fahrt in einer echten Ente gefasst und entdecken Sie die Gegend auf eine frische und originelle Weise!   <\/p>\n\t\t\t\t\t\t\t\t<\/div>\n\t\t\t\t<\/div>\n\t\t\t\t<div class=\"elementor-element elementor-element-d42d61f elementor-align-center elementor-widget elementor-widget-button\" data-id=\"d42d61f\" data-element_type=\"widget\" data-e-type=\"widget\" data-widget_type=\"button.default\">\n\t\t\t\t<div class=\"elementor-widget-container\">\n\t\t\t\t\t\t\t\t\t<div class=\"elementor-button-wrapper\">\n\t\t\t\t\t<a class=\"elementor-button elementor-button-link elementor-size-sm\" href=\"https:\/\/www.eendentourswestland.nl\/\">\n\t\t\t\t\t\t<span class=\"elementor-button-content-wrapper\">\n\t\t\t\t\t\t\t\t\t<span class=\"elementor-button-text\">Sehen Sie die Website von Duck tours westland<\/span>\n\t\t\t\t\t<\/span>\n\t\t\t\t\t<\/a>\n\t\t\t\t<\/div>\n\t\t\t\t\t\t\t\t<\/div>\n\t\t\t\t<\/div>\n\t\t\t\t\t<\/div>\n\t\t<\/div>\n\t\t\t\t<div class=\"elementor-column elementor-col-50 elementor-top-column elementor-element elementor-element-e5e463e\" data-id=\"e5e463e\" data-element_type=\"column\" data-e-type=\"column\">\n\t\t\t<div class=\"elementor-widget-wrap elementor-element-populated\">\n\t\t\t\t\t\t<div class=\"elementor-element elementor-element-b2728af elementor-widget elementor-widget-image\" data-id=\"b2728af\" data-element_type=\"widget\" data-e-type=\"widget\" data-widget_type=\"image.default\">\n\t\t\t\t<div class=\"elementor-widget-container\">\n\t\t\t\t\t\t\t\t\t\t\t\t\t\t\t<img fetchpriority=\"high\" decoding=\"async\" width=\"600\" height=\"450\" src=\"https:\/\/saharastay.nl\/wp-content\/uploads\/2024\/09\/1.png\" class=\"attachment-large size-large wp-image-5826\" alt=\"eenden tour westland\" srcset=\"https:\/\/saharastay.nl\/wp-content\/uploads\/2024\/09\/1.png 600w, https:\/\/saharastay.nl\/wp-content\/uploads\/2024\/09\/1-300x225.png 300w\" sizes=\"(max-width: 600px) 100vw, 600px\" \/>\t\t\t\t\t\t\t\t\t\t\t\t\t\t\t<\/div>\n\t\t\t\t<\/div>\n\t\t\t\t<div class=\"elementor-element elementor-element-27751d9 elementor-widget elementor-widget-image\" data-id=\"27751d9\" data-element_type=\"widget\" data-e-type=\"widget\" data-widget_type=\"image.default\">\n\t\t\t\t<div class=\"elementor-widget-container\">\n\t\t\t\t\t\t\t\t\t\t\t\t\t\t\t<img decoding=\"async\" width=\"600\" height=\"450\" src=\"https:\/\/saharastay.nl\/wp-content\/uploads\/2024\/09\/2.png\" class=\"attachment-large size-large wp-image-5823\" alt=\"eenden tour westland\" srcset=\"https:\/\/saharastay.nl\/wp-content\/uploads\/2024\/09\/2.png 600w, https:\/\/saharastay.nl\/wp-content\/uploads\/2024\/09\/2-300x225.png 300w\" sizes=\"(max-width: 600px) 100vw, 600px\" \/>\t\t\t\t\t\t\t\t\t\t\t\t\t\t\t<\/div>\n\t\t\t\t<\/div>\n\t\t\t\t\t<\/div>\n\t\t<\/div>\n\t\t\t\t\t<\/div>\n\t\t<\/section>\n\t\t\t\t<\/div>\n\t\t","protected":false},"excerpt":{"rendered":"<p>Westland Enten-Tour Verschiedene Arrangements Spa\u00df f\u00fcr die ganze Familie Erkunden Sie die Umgebung In einer bunten Ente herumfahren Erleben Sie das Westland auf eine gro\u00dfartige Art und Weise mit der Duck Tour Westland! Steigen Sie in einen klassischen Citro\u00ebn 2CV, oder &#8218;die Ente&#8216;, und erkunden Sie die wundersch\u00f6ne Landschaft auf eine Weise, die Sie so [&hellip;]<\/p>\n","protected":false},"author":1,"featured_media":0,"parent":0,"menu_order":0,"comment_status":"closed","ping_status":"closed","template":"","meta":{"footnotes":""},"class_list":["post-5816","page","type-page","status-publish","hentry"],"yoast_head":"<!-- This site is optimized with the Yoast SEO plugin v27.4 - https:\/\/yoast.com\/product\/yoast-seo-wordpress\/ -->\n<title>Westland Enten-Tour - Sahara Stay<\/title>\n<meta name=\"description\" content=\"Erkunden Sie die Umgebung von Sahara Stay mit der Duck Tour Westland. Fahren Sie mit der farbenfrohen Ente an Gew\u00e4chsh\u00e4usern und Kuhweiden vorbei.\" \/>\n<meta name=\"robots\" content=\"index, follow, max-snippet:-1, max-image-preview:large, max-video-preview:-1\" \/>\n<link rel=\"canonical\" href=\"https:\/\/saharastay.nl\/de\/westland-enten-tour\" \/>\n<meta property=\"og:locale\" content=\"de_DE\" \/>\n<meta property=\"og:type\" content=\"article\" \/>\n<meta property=\"og:title\" content=\"Westland Enten-Tour - Sahara Stay\" \/>\n<meta property=\"og:description\" content=\"Erkunden Sie die Umgebung von Sahara Stay mit der Duck Tour Westland. Fahren Sie mit der farbenfrohen Ente an Gew\u00e4chsh\u00e4usern und Kuhweiden vorbei.\" \/>\n<meta property=\"og:url\" content=\"https:\/\/saharastay.nl\/de\/westland-enten-tour\" \/>\n<meta property=\"og:site_name\" content=\"Sahara Stay\" \/>\n<meta property=\"article:publisher\" content=\"https:\/\/www.facebook.com\/people\/Sahara-Stay\/100088721635844\/\" \/>\n<meta property=\"article:modified_time\" content=\"2026-02-17T14:58:10+00:00\" \/>\n<meta property=\"og:image\" content=\"https:\/\/saharastay.nl\/wp-content\/uploads\/2024\/09\/1.png\" \/>\n<meta name=\"twitter:card\" content=\"summary_large_image\" \/>\n<meta name=\"twitter:label1\" content=\"Gesch\u00e4tzte Lesezeit\" \/>\n\t<meta name=\"twitter:data1\" content=\"2\u00a0Minuten\" \/>\n<script type=\"application\/ld+json\" class=\"yoast-schema-graph\">{\"@context\":\"https:\\\/\\\/schema.org\",\"@graph\":[{\"@type\":\"WebPage\",\"@id\":\"https:\\\/\\\/saharastay.nl\\\/de\\\/westland-enten-tour\",\"url\":\"https:\\\/\\\/saharastay.nl\\\/de\\\/westland-enten-tour\",\"name\":\"Westland Enten-Tour - Sahara Stay\",\"isPartOf\":{\"@id\":\"https:\\\/\\\/saharastay.nl\\\/de#website\"},\"primaryImageOfPage\":{\"@id\":\"https:\\\/\\\/saharastay.nl\\\/de\\\/westland-enten-tour#primaryimage\"},\"image\":{\"@id\":\"https:\\\/\\\/saharastay.nl\\\/de\\\/westland-enten-tour#primaryimage\"},\"thumbnailUrl\":\"https:\\\/\\\/saharastay.nl\\\/wp-content\\\/uploads\\\/2024\\\/09\\\/1.png\",\"datePublished\":\"2024-09-11T14:27:16+00:00\",\"dateModified\":\"2026-02-17T14:58:10+00:00\",\"description\":\"Erkunden Sie die Umgebung von Sahara Stay mit der Duck Tour Westland. Fahren Sie mit der farbenfrohen Ente an Gew\u00e4chsh\u00e4usern und Kuhweiden vorbei.\",\"breadcrumb\":{\"@id\":\"https:\\\/\\\/saharastay.nl\\\/de\\\/westland-enten-tour#breadcrumb\"},\"inLanguage\":\"de\",\"potentialAction\":[{\"@type\":\"ReadAction\",\"target\":[\"https:\\\/\\\/saharastay.nl\\\/de\\\/westland-enten-tour\"]}]},{\"@type\":\"ImageObject\",\"inLanguage\":\"de\",\"@id\":\"https:\\\/\\\/saharastay.nl\\\/de\\\/westland-enten-tour#primaryimage\",\"url\":\"https:\\\/\\\/saharastay.nl\\\/wp-content\\\/uploads\\\/2024\\\/09\\\/1.png\",\"contentUrl\":\"https:\\\/\\\/saharastay.nl\\\/wp-content\\\/uploads\\\/2024\\\/09\\\/1.png\"},{\"@type\":\"BreadcrumbList\",\"@id\":\"https:\\\/\\\/saharastay.nl\\\/de\\\/westland-enten-tour#breadcrumb\",\"itemListElement\":[{\"@type\":\"ListItem\",\"position\":1,\"name\":\"Home\",\"item\":\"https:\\\/\\\/saharastay.nl\\\/de\\\/sahara-zuhause-bleiben\"},{\"@type\":\"ListItem\",\"position\":2,\"name\":\"Westland Enten-Tour\"}]},{\"@type\":\"WebSite\",\"@id\":\"https:\\\/\\\/saharastay.nl\\\/de#website\",\"url\":\"https:\\\/\\\/saharastay.nl\\\/de\",\"name\":\"Sahara Stay\",\"description\":\"\",\"publisher\":{\"@id\":\"https:\\\/\\\/saharastay.nl\\\/de#organization\"},\"potentialAction\":[{\"@type\":\"SearchAction\",\"target\":{\"@type\":\"EntryPoint\",\"urlTemplate\":\"https:\\\/\\\/saharastay.nl\\\/de?s={search_term_string}\"},\"query-input\":{\"@type\":\"PropertyValueSpecification\",\"valueRequired\":true,\"valueName\":\"search_term_string\"}}],\"inLanguage\":\"de\"},{\"@type\":\"Organization\",\"@id\":\"https:\\\/\\\/saharastay.nl\\\/de#organization\",\"name\":\"Sahara Stay\",\"url\":\"https:\\\/\\\/saharastay.nl\\\/de\",\"logo\":{\"@type\":\"ImageObject\",\"inLanguage\":\"de\",\"@id\":\"https:\\\/\\\/saharastay.nl\\\/de#\\\/schema\\\/logo\\\/image\\\/\",\"url\":\"https:\\\/\\\/saharastay.nl\\\/wp-content\\\/uploads\\\/2022\\\/12\\\/Sahara_Stay_-_Surf_en_relax-removebg-preview.png\",\"contentUrl\":\"https:\\\/\\\/saharastay.nl\\\/wp-content\\\/uploads\\\/2022\\\/12\\\/Sahara_Stay_-_Surf_en_relax-removebg-preview.png\",\"width\":498,\"height\":501,\"caption\":\"Sahara Stay\"},\"image\":{\"@id\":\"https:\\\/\\\/saharastay.nl\\\/de#\\\/schema\\\/logo\\\/image\\\/\"},\"sameAs\":[\"https:\\\/\\\/www.facebook.com\\\/people\\\/Sahara-Stay\\\/100088721635844\\\/\",\"https:\\\/\\\/www.instagram.com\\\/saharastay\\\/\"]}]}<\/script>\n<!-- \/ Yoast SEO plugin. -->","yoast_head_json":{"title":"Westland Enten-Tour - Sahara Stay","description":"Erkunden Sie die Umgebung von Sahara Stay mit der Duck Tour Westland. Fahren Sie mit der farbenfrohen Ente an Gew\u00e4chsh\u00e4usern und Kuhweiden vorbei.","robots":{"index":"index","follow":"follow","max-snippet":"max-snippet:-1","max-image-preview":"max-image-preview:large","max-video-preview":"max-video-preview:-1"},"canonical":"https:\/\/saharastay.nl\/de\/westland-enten-tour","og_locale":"de_DE","og_type":"article","og_title":"Westland Enten-Tour - Sahara Stay","og_description":"Erkunden Sie die Umgebung von Sahara Stay mit der Duck Tour Westland. Fahren Sie mit der farbenfrohen Ente an Gew\u00e4chsh\u00e4usern und Kuhweiden vorbei.","og_url":"https:\/\/saharastay.nl\/de\/westland-enten-tour","og_site_name":"Sahara Stay","article_publisher":"https:\/\/www.facebook.com\/people\/Sahara-Stay\/100088721635844\/","article_modified_time":"2026-02-17T14:58:10+00:00","og_image":[{"url":"https:\/\/saharastay.nl\/wp-content\/uploads\/2024\/09\/1.png","type":"","width":"","height":""}],"twitter_card":"summary_large_image","twitter_misc":{"Gesch\u00e4tzte Lesezeit":"2\u00a0Minuten"},"schema":{"@context":"https:\/\/schema.org","@graph":[{"@type":"WebPage","@id":"https:\/\/saharastay.nl\/de\/westland-enten-tour","url":"https:\/\/saharastay.nl\/de\/westland-enten-tour","name":"Westland Enten-Tour - Sahara Stay","isPartOf":{"@id":"https:\/\/saharastay.nl\/de#website"},"primaryImageOfPage":{"@id":"https:\/\/saharastay.nl\/de\/westland-enten-tour#primaryimage"},"image":{"@id":"https:\/\/saharastay.nl\/de\/westland-enten-tour#primaryimage"},"thumbnailUrl":"https:\/\/saharastay.nl\/wp-content\/uploads\/2024\/09\/1.png","datePublished":"2024-09-11T14:27:16+00:00","dateModified":"2026-02-17T14:58:10+00:00","description":"Erkunden Sie die Umgebung von Sahara Stay mit der Duck Tour Westland. Fahren Sie mit der farbenfrohen Ente an Gew\u00e4chsh\u00e4usern und Kuhweiden vorbei.","breadcrumb":{"@id":"https:\/\/saharastay.nl\/de\/westland-enten-tour#breadcrumb"},"inLanguage":"de","potentialAction":[{"@type":"ReadAction","target":["https:\/\/saharastay.nl\/de\/westland-enten-tour"]}]},{"@type":"ImageObject","inLanguage":"de","@id":"https:\/\/saharastay.nl\/de\/westland-enten-tour#primaryimage","url":"https:\/\/saharastay.nl\/wp-content\/uploads\/2024\/09\/1.png","contentUrl":"https:\/\/saharastay.nl\/wp-content\/uploads\/2024\/09\/1.png"},{"@type":"BreadcrumbList","@id":"https:\/\/saharastay.nl\/de\/westland-enten-tour#breadcrumb","itemListElement":[{"@type":"ListItem","position":1,"name":"Home","item":"https:\/\/saharastay.nl\/de\/sahara-zuhause-bleiben"},{"@type":"ListItem","position":2,"name":"Westland Enten-Tour"}]},{"@type":"WebSite","@id":"https:\/\/saharastay.nl\/de#website","url":"https:\/\/saharastay.nl\/de","name":"Sahara Stay","description":"","publisher":{"@id":"https:\/\/saharastay.nl\/de#organization"},"potentialAction":[{"@type":"SearchAction","target":{"@type":"EntryPoint","urlTemplate":"https:\/\/saharastay.nl\/de?s={search_term_string}"},"query-input":{"@type":"PropertyValueSpecification","valueRequired":true,"valueName":"search_term_string"}}],"inLanguage":"de"},{"@type":"Organization","@id":"https:\/\/saharastay.nl\/de#organization","name":"Sahara Stay","url":"https:\/\/saharastay.nl\/de","logo":{"@type":"ImageObject","inLanguage":"de","@id":"https:\/\/saharastay.nl\/de#\/schema\/logo\/image\/","url":"https:\/\/saharastay.nl\/wp-content\/uploads\/2022\/12\/Sahara_Stay_-_Surf_en_relax-removebg-preview.png","contentUrl":"https:\/\/saharastay.nl\/wp-content\/uploads\/2022\/12\/Sahara_Stay_-_Surf_en_relax-removebg-preview.png","width":498,"height":501,"caption":"Sahara Stay"},"image":{"@id":"https:\/\/saharastay.nl\/de#\/schema\/logo\/image\/"},"sameAs":["https:\/\/www.facebook.com\/people\/Sahara-Stay\/100088721635844\/","https:\/\/www.instagram.com\/saharastay\/"]}]}},"_links":{"self":[{"href":"https:\/\/saharastay.nl\/de\/wp-json\/wp\/v2\/pages\/5816","targetHints":{"allow":["GET"]}}],"collection":[{"href":"https:\/\/saharastay.nl\/de\/wp-json\/wp\/v2\/pages"}],"about":[{"href":"https:\/\/saharastay.nl\/de\/wp-json\/wp\/v2\/types\/page"}],"author":[{"embeddable":true,"href":"https:\/\/saharastay.nl\/de\/wp-json\/wp\/v2\/users\/1"}],"replies":[{"embeddable":true,"href":"https:\/\/saharastay.nl\/de\/wp-json\/wp\/v2\/comments?post=5816"}],"version-history":[{"count":6,"href":"https:\/\/saharastay.nl\/de\/wp-json\/wp\/v2\/pages\/5816\/revisions"}],"predecessor-version":[{"id":6517,"href":"https:\/\/saharastay.nl\/de\/wp-json\/wp\/v2\/pages\/5816\/revisions\/6517"}],"wp:attachment":[{"href":"https:\/\/saharastay.nl\/de\/wp-json\/wp\/v2\/media?parent=5816"}],"curies":[{"name":"wp","href":"https:\/\/api.w.org\/{rel}","templated":true}]}}