{"id":5972,"date":"2024-09-11T14:28:45","date_gmt":"2024-09-11T14:28:45","guid":{"rendered":"https:\/\/saharastay.nl\/?page_id=5972"},"modified":"2026-02-17T14:54:56","modified_gmt":"2026-02-17T14:54:56","slug":"eetcafe-zout","status":"publish","type":"page","link":"https:\/\/saharastay.nl\/de\/eetcafe-zout","title":{"rendered":"Eetcaf\u00e9 Zout"},"content":{"rendered":"\t\t<div data-elementor-type=\"wp-page\" data-elementor-id=\"5972\" class=\"elementor elementor-5972 elementor-5970\" data-elementor-post-type=\"page\">\n\t\t\t\t\t\t<section class=\"elementor-section elementor-top-section elementor-element elementor-element-7ffa461f elementor-section-boxed elementor-section-height-default elementor-section-height-default\" data-id=\"7ffa461f\" data-element_type=\"section\" data-e-type=\"section\">\n\t\t\t\t\t\t<div class=\"elementor-container elementor-column-gap-default\">\n\t\t\t\t\t<div class=\"elementor-column elementor-col-100 elementor-top-column elementor-element elementor-element-72b54edc\" data-id=\"72b54edc\" data-element_type=\"column\" data-e-type=\"column\">\n\t\t\t<div class=\"elementor-widget-wrap elementor-element-populated\">\n\t\t\t\t\t\t<div class=\"elementor-element elementor-element-6bf4224f elementor-widget elementor-widget-heading\" data-id=\"6bf4224f\" data-element_type=\"widget\" data-e-type=\"widget\" data-widget_type=\"heading.default\">\n\t\t\t\t<div class=\"elementor-widget-container\">\n\t\t\t\t\t<h2 class=\"elementor-heading-title elementor-size-default\">Eetcaf\u00e9 Zout<\/h2>\t\t\t\t<\/div>\n\t\t\t\t<\/div>\n\t\t\t\t\t<\/div>\n\t\t<\/div>\n\t\t\t\t\t<\/div>\n\t\t<\/section>\n\t\t\t\t<section class=\"elementor-section elementor-top-section elementor-element elementor-element-516cace3 elementor-section-boxed elementor-section-height-default elementor-section-height-default\" data-id=\"516cace3\" data-element_type=\"section\" data-e-type=\"section\">\n\t\t\t\t\t\t<div class=\"elementor-container elementor-column-gap-default\">\n\t\t\t\t\t<div class=\"elementor-column elementor-col-33 elementor-top-column elementor-element elementor-element-1af5cfe5\" data-id=\"1af5cfe5\" data-element_type=\"column\" data-e-type=\"column\">\n\t\t\t<div class=\"elementor-widget-wrap elementor-element-populated\">\n\t\t\t\t\t\t<div class=\"elementor-element elementor-element-290d39b9 elementor-icon-list--layout-traditional elementor-list-item-link-full_width elementor-widget elementor-widget-icon-list\" data-id=\"290d39b9\" data-element_type=\"widget\" data-e-type=\"widget\" data-widget_type=\"icon-list.default\">\n\t\t\t\t<div class=\"elementor-widget-container\">\n\t\t\t\t\t\t\t<ul class=\"elementor-icon-list-items\">\n\t\t\t\t\t\t\t<li class=\"elementor-icon-list-item\">\n\t\t\t\t\t\t\t\t\t\t\t<span class=\"elementor-icon-list-icon\">\n\t\t\t\t\t\t\t<i aria-hidden=\"true\" class=\"fas fa-walking\"><\/i>\t\t\t\t\t\t<\/span>\n\t\t\t\t\t\t\t\t\t\t<span class=\"elementor-icon-list-text\">Wasserspielplatz, Spielplatz im Freien und Innenspielplatz<\/span>\n\t\t\t\t\t\t\t\t\t<\/li>\n\t\t\t\t\t\t<\/ul>\n\t\t\t\t\t\t<\/div>\n\t\t\t\t<\/div>\n\t\t\t\t\t<\/div>\n\t\t<\/div>\n\t\t\t\t<div class=\"elementor-column elementor-col-33 elementor-top-column elementor-element elementor-element-61ef2806\" data-id=\"61ef2806\" data-element_type=\"column\" data-e-type=\"column\">\n\t\t\t<div class=\"elementor-widget-wrap elementor-element-populated\">\n\t\t\t\t\t\t<div class=\"elementor-element elementor-element-1ed1bbbc elementor-icon-list--layout-traditional elementor-list-item-link-full_width elementor-widget elementor-widget-icon-list\" data-id=\"1ed1bbbc\" data-element_type=\"widget\" data-e-type=\"widget\" data-widget_type=\"icon-list.default\">\n\t\t\t\t<div class=\"elementor-widget-container\">\n\t\t\t\t\t\t\t<ul class=\"elementor-icon-list-items\">\n\t\t\t\t\t\t\t<li class=\"elementor-icon-list-item\">\n\t\t\t\t\t\t\t\t\t\t\t<span class=\"elementor-icon-list-icon\">\n\t\t\t\t\t\t\t<i aria-hidden=\"true\" class=\"fas fa-utensils\"><\/i>\t\t\t\t\t\t<\/span>\n\t\t\t\t\t\t\t\t\t\t<span class=\"elementor-icon-list-text\">Mittagessen, Getr\u00e4nke und Abendessen<\/span>\n\t\t\t\t\t\t\t\t\t<\/li>\n\t\t\t\t\t\t<\/ul>\n\t\t\t\t\t\t<\/div>\n\t\t\t\t<\/div>\n\t\t\t\t\t<\/div>\n\t\t<\/div>\n\t\t\t\t<div class=\"elementor-column elementor-col-33 elementor-top-column elementor-element elementor-element-52afa7e0\" data-id=\"52afa7e0\" data-element_type=\"column\" data-e-type=\"column\">\n\t\t\t<div class=\"elementor-widget-wrap elementor-element-populated\">\n\t\t\t\t\t\t<div class=\"elementor-element elementor-element-40af0c1 elementor-icon-list--layout-traditional elementor-list-item-link-full_width elementor-widget elementor-widget-icon-list\" data-id=\"40af0c1\" data-element_type=\"widget\" data-e-type=\"widget\" data-widget_type=\"icon-list.default\">\n\t\t\t\t<div class=\"elementor-widget-container\">\n\t\t\t\t\t\t\t<ul class=\"elementor-icon-list-items\">\n\t\t\t\t\t\t\t<li class=\"elementor-icon-list-item\">\n\t\t\t\t\t\t\t\t\t\t\t<span class=\"elementor-icon-list-icon\">\n\t\t\t\t\t\t\t<i aria-hidden=\"true\" class=\"fas fa-heart\"><\/i>\t\t\t\t\t\t<\/span>\n\t\t\t\t\t\t\t\t\t\t<span class=\"elementor-icon-list-text\">Gem\u00fctlichstes Familienrestaurant am Meer<\/span>\n\t\t\t\t\t\t\t\t\t<\/li>\n\t\t\t\t\t\t<\/ul>\n\t\t\t\t\t\t<\/div>\n\t\t\t\t<\/div>\n\t\t\t\t\t<\/div>\n\t\t<\/div>\n\t\t\t\t\t<\/div>\n\t\t<\/section>\n\t\t\t\t<section class=\"elementor-section elementor-top-section elementor-element elementor-element-2784adc9 elementor-section-boxed elementor-section-height-default elementor-section-height-default\" data-id=\"2784adc9\" data-element_type=\"section\" data-e-type=\"section\">\n\t\t\t\t\t\t<div class=\"elementor-container elementor-column-gap-default\">\n\t\t\t\t\t<div class=\"elementor-column elementor-col-50 elementor-top-column elementor-element elementor-element-238c294d\" data-id=\"238c294d\" data-element_type=\"column\" data-e-type=\"column\">\n\t\t\t<div class=\"elementor-widget-wrap elementor-element-populated\">\n\t\t\t\t\t\t<div class=\"elementor-element elementor-element-b000065 elementor-widget elementor-widget-heading\" data-id=\"b000065\" data-element_type=\"widget\" data-e-type=\"widget\" data-widget_type=\"heading.default\">\n\t\t\t\t<div class=\"elementor-widget-container\">\n\t\t\t\t\t<h2 class=\"elementor-heading-title elementor-size-default\">Das gem\u00fctlichste Familienrestaurant am Meer<\/h2>\t\t\t\t<\/div>\n\t\t\t\t<\/div>\n\t\t\t\t<div class=\"elementor-element elementor-element-37c05ca7 elementor-widget elementor-widget-text-editor\" data-id=\"37c05ca7\" data-element_type=\"widget\" data-e-type=\"widget\" data-widget_type=\"text-editor.default\">\n\t\t\t\t<div class=\"elementor-widget-container\">\n\t\t\t\t\t\t\t\t\t<p>Direkt an den D\u00fcnen, in der N\u00e4he des Strandes, liegt das Eetcaf\u00e9 Zout. Nach einem sch\u00f6nen Tag am Strand oder einer flotten Fahrradtour durch das Westland k\u00f6nnen Sie sich hier hinsetzen. Genie\u00dfen Sie ein erfrischendes Getr\u00e4nk, w\u00e4hrend die Kinder auf dem angrenzenden Spielplatz spielen. Oder genie\u00dfen Sie eines unserer k\u00f6stlichen Gerichte mit der ganzen Familie!   <\/p>\n<p>Sie m\u00fcssen sich wirklich keine Sorgen machen, dass Restaurantgerichte zu viel Salz enthalten.<br \/>\nBesser gesagt, ein Gericht mit zu viel Salz schmeckt \u00fcberhaupt nicht gut.<br \/>\nAber nat\u00fcrlich ist Salz ein gutes Gew\u00fcrz und das passt perfekt zu einem Restaurant so nahe an der (salzigen) Nordsee.<br \/>\nNach einem Tag am Strand k\u00f6nnte Ihr K\u00f6rper etwas Salz gebrauchen.<br \/>\nTreten Sie zuerst unter das Surfbrett, das zu einer Dusche umfunktioniert wurde, um das Meer abzusp\u00fclen, und lassen Sie sich auf der Terrasse nieder.<br \/>\nDort serviert Ihnen das Personal ein Getr\u00e4nk mit einem sch\u00f6nen Salz dazu!     <\/p>\n\t\t\t\t\t\t\t\t<\/div>\n\t\t\t\t<\/div>\n\t\t<div class=\"elementor-element elementor-element-e202999 e-flex e-con-boxed e-con e-parent\" data-id=\"e202999\" data-element_type=\"container\" data-e-type=\"container\">\n\t\t\t\t\t<div class=\"e-con-inner\">\n\t\t\t\t<div class=\"elementor-element elementor-element-4bde9a3 elementor-widget elementor-widget-heading\" data-id=\"4bde9a3\" data-element_type=\"widget\" data-e-type=\"widget\" data-widget_type=\"heading.default\">\n\t\t\t\t<div class=\"elementor-widget-container\">\n\t\t\t\t\t<h2 class=\"elementor-heading-title elementor-size-default\">Kinder werden sich hier nicht langweilen<\/h2>\t\t\t\t<\/div>\n\t\t\t\t<\/div>\n\t\t\t\t\t<\/div>\n\t\t\t\t<\/div>\n\t\t\t\t<div class=\"elementor-element elementor-element-99d24c5 elementor-widget elementor-widget-text-editor\" data-id=\"99d24c5\" data-element_type=\"widget\" data-e-type=\"widget\" data-widget_type=\"text-editor.default\">\n\t\t\t\t<div class=\"elementor-widget-container\">\n\t\t\t\t\t\t\t\t\t<p><b>Spielplatz im Freien<\/b><br \/><span style=\"color: var( --e-global-color-text ); font-family: var( --e-global-typography-text-font-family ), Sans-serif; font-size: var( --e-global-typography-text-font-size ); font-style: var( --e-global-typography-text-font-style ); letter-spacing: var( --e-global-typography-text-letter-spacing ); text-transform: var( --e-global-typography-text-text-transform );\">Es ist ein herausfordernder und vielseitiger Spielplatz, der f\u00fcr jedes Kind etwas zu bieten hat. Verschiedene Kletterger\u00e4te und Paneele sorgen f\u00fcr ein unvergessliches Spielabenteuer. Kinder im Alter von 2 bis 14 Jahren k\u00f6nnen hier nach Herzenslust spielen, ohne und mit Einschr\u00e4nkungen. Ein weiteres gro\u00dfes Plus ist, dass der Spielplatz an das Eetcaf\u00e9 Zout angrenzt, wo sich die Eltern auf der Terrasse entspannen k\u00f6nnen. Und mal ehrlich, welche Eltern w\u00fcrden das nicht wollen!    <\/span><\/p>\n<p><b>Wasser Spielplatz<br \/><\/b><span style=\"color: var( --e-global-color-text ); font-family: var( --e-global-typography-text-font-family ), Sans-serif; font-size: var( --e-global-typography-text-font-size ); font-style: var( --e-global-typography-text-font-style ); letter-spacing: var( --e-global-typography-text-letter-spacing ); text-transform: var( --e-global-typography-text-text-transform );\">Wenn das Wetter sch\u00f6n ist, k\u00f6nnen sich die Kinder auch auf dem neuen Wasserspielplatz abk\u00fchlen!<br \/>\nSie k\u00f6nnen auf ein Boot klettern und durch die Wasserd\u00fcsen wieder abrutschen, ein Minispiel spielen oder einfach durch die Wasserd\u00fcsen laufen.<br \/>\nUnd der Wasserspielplatz grenzt auch an das Eetcaf\u00e9 Zout, so dass Sie von der Terrasse oder vom Wintergarten aus die Kinder beim Spielen beobachten k\u00f6nnen.    <\/span><\/p>\n<p><b>Spielbereich innen<br \/><\/b><span style=\"color: var( --e-global-color-text ); font-family: var( --e-global-typography-text-font-family ), Sans-serif; font-size: var( --e-global-typography-text-font-size ); font-style: var( --e-global-typography-text-font-style ); letter-spacing: var( --e-global-typography-text-letter-spacing ); text-transform: var( --e-global-typography-text-text-transform );\">Angrenzend an den Wintergarten des Restaurants befindet sich ein Indoor-Spielbereich f\u00fcr die Kleinen.<br \/>\nDer Spielbereich ist komplett unterwasserthematisch gestaltet und in der Mitte des Raumes steht ein echtes Boot.<br \/>\nEine Leseecke mit allen m\u00f6glichen Themenb\u00fcchern und einem riesigen Wandgem\u00e4lde mit einem Hai.<br \/>\nTrauen Sie sich?   <\/span><\/p>\n\t\t\t\t\t\t\t\t<\/div>\n\t\t\t\t<\/div>\n\t\t\t\t<div class=\"elementor-element elementor-element-d42d61f elementor-align-center elementor-widget elementor-widget-button\" data-id=\"d42d61f\" data-element_type=\"widget\" data-e-type=\"widget\" data-widget_type=\"button.default\">\n\t\t\t\t<div class=\"elementor-widget-container\">\n\t\t\t\t\t\t\t\t\t<div class=\"elementor-button-wrapper\">\n\t\t\t\t\t<a class=\"elementor-button elementor-button-link elementor-size-sm\" href=\"https:\/\/eetcafezout.nl\/\">\n\t\t\t\t\t\t<span class=\"elementor-button-content-wrapper\">\n\t\t\t\t\t\t\t\t\t<span class=\"elementor-button-text\">Sehen Sie sich die Speisekarte des Eetcaf\u00e9 Zout an<\/span>\n\t\t\t\t\t<\/span>\n\t\t\t\t\t<\/a>\n\t\t\t\t<\/div>\n\t\t\t\t\t\t\t\t<\/div>\n\t\t\t\t<\/div>\n\t\t\t\t\t<\/div>\n\t\t<\/div>\n\t\t\t\t<div class=\"elementor-column elementor-col-50 elementor-top-column elementor-element elementor-element-e5e463e\" data-id=\"e5e463e\" data-element_type=\"column\" data-e-type=\"column\">\n\t\t\t<div class=\"elementor-widget-wrap elementor-element-populated\">\n\t\t\t\t\t\t<div class=\"elementor-element elementor-element-b2728af elementor-widget elementor-widget-image\" data-id=\"b2728af\" data-element_type=\"widget\" data-e-type=\"widget\" data-widget_type=\"image.default\">\n\t\t\t\t<div class=\"elementor-widget-container\">\n\t\t\t\t\t\t\t\t\t\t\t\t\t\t\t<img fetchpriority=\"high\" decoding=\"async\" width=\"600\" height=\"450\" src=\"https:\/\/saharastay.nl\/wp-content\/uploads\/2024\/09\/1-5.png\" class=\"attachment-large size-large wp-image-5978\" alt=\"Eetcafe zout sgravenzande\" srcset=\"https:\/\/saharastay.nl\/wp-content\/uploads\/2024\/09\/1-5.png 600w, https:\/\/saharastay.nl\/wp-content\/uploads\/2024\/09\/1-5-300x225.png 300w\" sizes=\"(max-width: 600px) 100vw, 600px\" \/>\t\t\t\t\t\t\t\t\t\t\t\t\t\t\t<\/div>\n\t\t\t\t<\/div>\n\t\t\t\t<div class=\"elementor-element elementor-element-27751d9 elementor-widget elementor-widget-image\" data-id=\"27751d9\" data-element_type=\"widget\" data-e-type=\"widget\" data-widget_type=\"image.default\">\n\t\t\t\t<div class=\"elementor-widget-container\">\n\t\t\t\t\t\t\t\t\t\t\t\t\t\t\t<img decoding=\"async\" width=\"600\" height=\"450\" src=\"https:\/\/saharastay.nl\/wp-content\/uploads\/2024\/09\/2-5.png\" class=\"attachment-large size-large wp-image-5981\" alt=\"eetcafe zout diner\" srcset=\"https:\/\/saharastay.nl\/wp-content\/uploads\/2024\/09\/2-5.png 600w, https:\/\/saharastay.nl\/wp-content\/uploads\/2024\/09\/2-5-300x225.png 300w\" sizes=\"(max-width: 600px) 100vw, 600px\" \/>\t\t\t\t\t\t\t\t\t\t\t\t\t\t\t<\/div>\n\t\t\t\t<\/div>\n\t\t\t\t<div class=\"elementor-element elementor-element-4fba9be elementor-widget elementor-widget-image\" data-id=\"4fba9be\" data-element_type=\"widget\" data-e-type=\"widget\" data-widget_type=\"image.default\">\n\t\t\t\t<div class=\"elementor-widget-container\">\n\t\t\t\t\t\t\t\t\t\t\t\t\t\t\t<img decoding=\"async\" width=\"600\" height=\"450\" src=\"https:\/\/saharastay.nl\/wp-content\/uploads\/2024\/09\/3-2.png\" class=\"attachment-large size-large wp-image-5984\" alt=\"eetcafe zout sgravenzande\" srcset=\"https:\/\/saharastay.nl\/wp-content\/uploads\/2024\/09\/3-2.png 600w, https:\/\/saharastay.nl\/wp-content\/uploads\/2024\/09\/3-2-300x225.png 300w\" sizes=\"(max-width: 600px) 100vw, 600px\" \/>\t\t\t\t\t\t\t\t\t\t\t\t\t\t\t<\/div>\n\t\t\t\t<\/div>\n\t\t\t\t\t<\/div>\n\t\t<\/div>\n\t\t\t\t\t<\/div>\n\t\t<\/section>\n\t\t\t\t<\/div>\n\t\t","protected":false},"excerpt":{"rendered":"<p>Eetcaf\u00e9 Zout Wasserspielplatz, Spielplatz im Freien und Innenspielplatz Mittagessen, Getr\u00e4nke und Abendessen Gem\u00fctlichstes Familienrestaurant am Meer Das gem\u00fctlichste Familienrestaurant am Meer Direkt an den D\u00fcnen, in der N\u00e4he des Strandes, liegt das Eetcaf\u00e9 Zout. Nach einem sch\u00f6nen Tag am Strand oder einer flotten Fahrradtour durch das Westland k\u00f6nnen Sie sich hier hinsetzen. Genie\u00dfen Sie ein [&hellip;]<\/p>\n","protected":false},"author":1,"featured_media":0,"parent":0,"menu_order":0,"comment_status":"closed","ping_status":"closed","template":"","meta":{"footnotes":""},"class_list":["post-5972","page","type-page","status-publish","hentry"],"yoast_head":"<!-- This site is optimized with the Yoast SEO plugin v27.4 - https:\/\/yoast.com\/product\/yoast-seo-wordpress\/ -->\n<title>Eetcaf\u00e9 Zout - Sahara Stay<\/title>\n<meta name=\"description\" content=\"Essen gehen in der N\u00e4he von Sahara Stay? Das k\u00f6nnen Sie im Eetcaf\u00e9 Zout tun, dem gem\u00fctlichsten Familienrestaurant am Meer. Auch Kinder k\u00f6nnen sich hier am\u00fcsieren!\" \/>\n<meta name=\"robots\" content=\"index, follow, max-snippet:-1, max-image-preview:large, max-video-preview:-1\" \/>\n<link rel=\"canonical\" href=\"https:\/\/saharastay.nl\/de\/eetcafe-zout\" \/>\n<meta property=\"og:locale\" content=\"de_DE\" \/>\n<meta property=\"og:type\" content=\"article\" \/>\n<meta property=\"og:title\" content=\"Eetcaf\u00e9 Zout - Sahara Stay\" \/>\n<meta property=\"og:description\" content=\"Essen gehen in der N\u00e4he von Sahara Stay? Das k\u00f6nnen Sie im Eetcaf\u00e9 Zout tun, dem gem\u00fctlichsten Familienrestaurant am Meer. Auch Kinder k\u00f6nnen sich hier am\u00fcsieren!\" \/>\n<meta property=\"og:url\" content=\"https:\/\/saharastay.nl\/de\/eetcafe-zout\" \/>\n<meta property=\"og:site_name\" content=\"Sahara Stay\" \/>\n<meta property=\"article:publisher\" content=\"https:\/\/www.facebook.com\/people\/Sahara-Stay\/100088721635844\/\" \/>\n<meta property=\"article:modified_time\" content=\"2026-02-17T14:54:56+00:00\" \/>\n<meta property=\"og:image\" content=\"https:\/\/saharastay.nl\/wp-content\/uploads\/2024\/09\/1-5.png\" \/>\n<meta name=\"twitter:card\" content=\"summary_large_image\" \/>\n<meta name=\"twitter:label1\" content=\"Gesch\u00e4tzte Lesezeit\" \/>\n\t<meta name=\"twitter:data1\" content=\"3\u00a0Minuten\" \/>\n<script type=\"application\/ld+json\" class=\"yoast-schema-graph\">{\"@context\":\"https:\\\/\\\/schema.org\",\"@graph\":[{\"@type\":\"WebPage\",\"@id\":\"https:\\\/\\\/saharastay.nl\\\/de\\\/eetcafe-zout\",\"url\":\"https:\\\/\\\/saharastay.nl\\\/de\\\/eetcafe-zout\",\"name\":\"Eetcaf\u00e9 Zout - Sahara Stay\",\"isPartOf\":{\"@id\":\"https:\\\/\\\/saharastay.nl\\\/de#website\"},\"primaryImageOfPage\":{\"@id\":\"https:\\\/\\\/saharastay.nl\\\/de\\\/eetcafe-zout#primaryimage\"},\"image\":{\"@id\":\"https:\\\/\\\/saharastay.nl\\\/de\\\/eetcafe-zout#primaryimage\"},\"thumbnailUrl\":\"https:\\\/\\\/saharastay.nl\\\/wp-content\\\/uploads\\\/2024\\\/09\\\/1-5.png\",\"datePublished\":\"2024-09-11T14:28:45+00:00\",\"dateModified\":\"2026-02-17T14:54:56+00:00\",\"description\":\"Essen gehen in der N\u00e4he von Sahara Stay? Das k\u00f6nnen Sie im Eetcaf\u00e9 Zout tun, dem gem\u00fctlichsten Familienrestaurant am Meer. Auch Kinder k\u00f6nnen sich hier am\u00fcsieren!\",\"breadcrumb\":{\"@id\":\"https:\\\/\\\/saharastay.nl\\\/de\\\/eetcafe-zout#breadcrumb\"},\"inLanguage\":\"de\",\"potentialAction\":[{\"@type\":\"ReadAction\",\"target\":[\"https:\\\/\\\/saharastay.nl\\\/de\\\/eetcafe-zout\"]}]},{\"@type\":\"ImageObject\",\"inLanguage\":\"de\",\"@id\":\"https:\\\/\\\/saharastay.nl\\\/de\\\/eetcafe-zout#primaryimage\",\"url\":\"https:\\\/\\\/saharastay.nl\\\/wp-content\\\/uploads\\\/2024\\\/09\\\/1-5.png\",\"contentUrl\":\"https:\\\/\\\/saharastay.nl\\\/wp-content\\\/uploads\\\/2024\\\/09\\\/1-5.png\"},{\"@type\":\"BreadcrumbList\",\"@id\":\"https:\\\/\\\/saharastay.nl\\\/de\\\/eetcafe-zout#breadcrumb\",\"itemListElement\":[{\"@type\":\"ListItem\",\"position\":1,\"name\":\"Home\",\"item\":\"https:\\\/\\\/saharastay.nl\\\/de\\\/sahara-zuhause-bleiben\"},{\"@type\":\"ListItem\",\"position\":2,\"name\":\"Eetcaf\u00e9 Zout\"}]},{\"@type\":\"WebSite\",\"@id\":\"https:\\\/\\\/saharastay.nl\\\/de#website\",\"url\":\"https:\\\/\\\/saharastay.nl\\\/de\",\"name\":\"Sahara Stay\",\"description\":\"\",\"publisher\":{\"@id\":\"https:\\\/\\\/saharastay.nl\\\/de#organization\"},\"potentialAction\":[{\"@type\":\"SearchAction\",\"target\":{\"@type\":\"EntryPoint\",\"urlTemplate\":\"https:\\\/\\\/saharastay.nl\\\/de?s={search_term_string}\"},\"query-input\":{\"@type\":\"PropertyValueSpecification\",\"valueRequired\":true,\"valueName\":\"search_term_string\"}}],\"inLanguage\":\"de\"},{\"@type\":\"Organization\",\"@id\":\"https:\\\/\\\/saharastay.nl\\\/de#organization\",\"name\":\"Sahara Stay\",\"url\":\"https:\\\/\\\/saharastay.nl\\\/de\",\"logo\":{\"@type\":\"ImageObject\",\"inLanguage\":\"de\",\"@id\":\"https:\\\/\\\/saharastay.nl\\\/de#\\\/schema\\\/logo\\\/image\\\/\",\"url\":\"https:\\\/\\\/saharastay.nl\\\/wp-content\\\/uploads\\\/2022\\\/12\\\/Sahara_Stay_-_Surf_en_relax-removebg-preview.png\",\"contentUrl\":\"https:\\\/\\\/saharastay.nl\\\/wp-content\\\/uploads\\\/2022\\\/12\\\/Sahara_Stay_-_Surf_en_relax-removebg-preview.png\",\"width\":498,\"height\":501,\"caption\":\"Sahara Stay\"},\"image\":{\"@id\":\"https:\\\/\\\/saharastay.nl\\\/de#\\\/schema\\\/logo\\\/image\\\/\"},\"sameAs\":[\"https:\\\/\\\/www.facebook.com\\\/people\\\/Sahara-Stay\\\/100088721635844\\\/\",\"https:\\\/\\\/www.instagram.com\\\/saharastay\\\/\"]}]}<\/script>\n<!-- \/ Yoast SEO plugin. -->","yoast_head_json":{"title":"Eetcaf\u00e9 Zout - Sahara Stay","description":"Essen gehen in der N\u00e4he von Sahara Stay? Das k\u00f6nnen Sie im Eetcaf\u00e9 Zout tun, dem gem\u00fctlichsten Familienrestaurant am Meer. Auch Kinder k\u00f6nnen sich hier am\u00fcsieren!","robots":{"index":"index","follow":"follow","max-snippet":"max-snippet:-1","max-image-preview":"max-image-preview:large","max-video-preview":"max-video-preview:-1"},"canonical":"https:\/\/saharastay.nl\/de\/eetcafe-zout","og_locale":"de_DE","og_type":"article","og_title":"Eetcaf\u00e9 Zout - Sahara Stay","og_description":"Essen gehen in der N\u00e4he von Sahara Stay? Das k\u00f6nnen Sie im Eetcaf\u00e9 Zout tun, dem gem\u00fctlichsten Familienrestaurant am Meer. Auch Kinder k\u00f6nnen sich hier am\u00fcsieren!","og_url":"https:\/\/saharastay.nl\/de\/eetcafe-zout","og_site_name":"Sahara Stay","article_publisher":"https:\/\/www.facebook.com\/people\/Sahara-Stay\/100088721635844\/","article_modified_time":"2026-02-17T14:54:56+00:00","og_image":[{"url":"https:\/\/saharastay.nl\/wp-content\/uploads\/2024\/09\/1-5.png","type":"","width":"","height":""}],"twitter_card":"summary_large_image","twitter_misc":{"Gesch\u00e4tzte Lesezeit":"3\u00a0Minuten"},"schema":{"@context":"https:\/\/schema.org","@graph":[{"@type":"WebPage","@id":"https:\/\/saharastay.nl\/de\/eetcafe-zout","url":"https:\/\/saharastay.nl\/de\/eetcafe-zout","name":"Eetcaf\u00e9 Zout - Sahara Stay","isPartOf":{"@id":"https:\/\/saharastay.nl\/de#website"},"primaryImageOfPage":{"@id":"https:\/\/saharastay.nl\/de\/eetcafe-zout#primaryimage"},"image":{"@id":"https:\/\/saharastay.nl\/de\/eetcafe-zout#primaryimage"},"thumbnailUrl":"https:\/\/saharastay.nl\/wp-content\/uploads\/2024\/09\/1-5.png","datePublished":"2024-09-11T14:28:45+00:00","dateModified":"2026-02-17T14:54:56+00:00","description":"Essen gehen in der N\u00e4he von Sahara Stay? Das k\u00f6nnen Sie im Eetcaf\u00e9 Zout tun, dem gem\u00fctlichsten Familienrestaurant am Meer. Auch Kinder k\u00f6nnen sich hier am\u00fcsieren!","breadcrumb":{"@id":"https:\/\/saharastay.nl\/de\/eetcafe-zout#breadcrumb"},"inLanguage":"de","potentialAction":[{"@type":"ReadAction","target":["https:\/\/saharastay.nl\/de\/eetcafe-zout"]}]},{"@type":"ImageObject","inLanguage":"de","@id":"https:\/\/saharastay.nl\/de\/eetcafe-zout#primaryimage","url":"https:\/\/saharastay.nl\/wp-content\/uploads\/2024\/09\/1-5.png","contentUrl":"https:\/\/saharastay.nl\/wp-content\/uploads\/2024\/09\/1-5.png"},{"@type":"BreadcrumbList","@id":"https:\/\/saharastay.nl\/de\/eetcafe-zout#breadcrumb","itemListElement":[{"@type":"ListItem","position":1,"name":"Home","item":"https:\/\/saharastay.nl\/de\/sahara-zuhause-bleiben"},{"@type":"ListItem","position":2,"name":"Eetcaf\u00e9 Zout"}]},{"@type":"WebSite","@id":"https:\/\/saharastay.nl\/de#website","url":"https:\/\/saharastay.nl\/de","name":"Sahara Stay","description":"","publisher":{"@id":"https:\/\/saharastay.nl\/de#organization"},"potentialAction":[{"@type":"SearchAction","target":{"@type":"EntryPoint","urlTemplate":"https:\/\/saharastay.nl\/de?s={search_term_string}"},"query-input":{"@type":"PropertyValueSpecification","valueRequired":true,"valueName":"search_term_string"}}],"inLanguage":"de"},{"@type":"Organization","@id":"https:\/\/saharastay.nl\/de#organization","name":"Sahara Stay","url":"https:\/\/saharastay.nl\/de","logo":{"@type":"ImageObject","inLanguage":"de","@id":"https:\/\/saharastay.nl\/de#\/schema\/logo\/image\/","url":"https:\/\/saharastay.nl\/wp-content\/uploads\/2022\/12\/Sahara_Stay_-_Surf_en_relax-removebg-preview.png","contentUrl":"https:\/\/saharastay.nl\/wp-content\/uploads\/2022\/12\/Sahara_Stay_-_Surf_en_relax-removebg-preview.png","width":498,"height":501,"caption":"Sahara Stay"},"image":{"@id":"https:\/\/saharastay.nl\/de#\/schema\/logo\/image\/"},"sameAs":["https:\/\/www.facebook.com\/people\/Sahara-Stay\/100088721635844\/","https:\/\/www.instagram.com\/saharastay\/"]}]}},"_links":{"self":[{"href":"https:\/\/saharastay.nl\/de\/wp-json\/wp\/v2\/pages\/5972","targetHints":{"allow":["GET"]}}],"collection":[{"href":"https:\/\/saharastay.nl\/de\/wp-json\/wp\/v2\/pages"}],"about":[{"href":"https:\/\/saharastay.nl\/de\/wp-json\/wp\/v2\/types\/page"}],"author":[{"embeddable":true,"href":"https:\/\/saharastay.nl\/de\/wp-json\/wp\/v2\/users\/1"}],"replies":[{"embeddable":true,"href":"https:\/\/saharastay.nl\/de\/wp-json\/wp\/v2\/comments?post=5972"}],"version-history":[{"count":6,"href":"https:\/\/saharastay.nl\/de\/wp-json\/wp\/v2\/pages\/5972\/revisions"}],"predecessor-version":[{"id":6524,"href":"https:\/\/saharastay.nl\/de\/wp-json\/wp\/v2\/pages\/5972\/revisions\/6524"}],"wp:attachment":[{"href":"https:\/\/saharastay.nl\/de\/wp-json\/wp\/v2\/media?parent=5972"}],"curies":[{"name":"wp","href":"https:\/\/api.w.org\/{rel}","templated":true}]}}