{"id":6008,"date":"2024-09-11T14:30:33","date_gmt":"2024-09-11T14:30:33","guid":{"rendered":"https:\/\/saharastay.nl\/?page_id=6008"},"modified":"2026-02-17T14:55:46","modified_gmt":"2026-02-17T14:55:46","slug":"elemente-strandzelt","status":"publish","type":"page","link":"https:\/\/saharastay.nl\/de\/elemente-strandzelt","title":{"rendered":"Elemente Strandzelt"},"content":{"rendered":"\t\t<div data-elementor-type=\"wp-page\" data-elementor-id=\"6008\" class=\"elementor elementor-6008 elementor-6006\" data-elementor-post-type=\"page\">\n\t\t\t\t\t\t<section class=\"elementor-section elementor-top-section elementor-element elementor-element-7ffa461f elementor-section-boxed elementor-section-height-default elementor-section-height-default\" data-id=\"7ffa461f\" data-element_type=\"section\" data-e-type=\"section\">\n\t\t\t\t\t\t<div class=\"elementor-container elementor-column-gap-default\">\n\t\t\t\t\t<div class=\"elementor-column elementor-col-100 elementor-top-column elementor-element elementor-element-72b54edc\" data-id=\"72b54edc\" data-element_type=\"column\" data-e-type=\"column\">\n\t\t\t<div class=\"elementor-widget-wrap elementor-element-populated\">\n\t\t\t\t\t\t<div class=\"elementor-element elementor-element-6bf4224f elementor-widget elementor-widget-heading\" data-id=\"6bf4224f\" data-element_type=\"widget\" data-e-type=\"widget\" data-widget_type=\"heading.default\">\n\t\t\t\t<div class=\"elementor-widget-container\">\n\t\t\t\t\t<h2 class=\"elementor-heading-title elementor-size-default\">Elements Strandzelt<\/h2>\t\t\t\t<\/div>\n\t\t\t\t<\/div>\n\t\t\t\t\t<\/div>\n\t\t<\/div>\n\t\t\t\t\t<\/div>\n\t\t<\/section>\n\t\t\t\t<section class=\"elementor-section elementor-top-section elementor-element elementor-element-516cace3 elementor-section-boxed elementor-section-height-default elementor-section-height-default\" data-id=\"516cace3\" data-element_type=\"section\" data-e-type=\"section\">\n\t\t\t\t\t\t<div class=\"elementor-container elementor-column-gap-default\">\n\t\t\t\t\t<div class=\"elementor-column elementor-col-33 elementor-top-column elementor-element elementor-element-1af5cfe5\" data-id=\"1af5cfe5\" data-element_type=\"column\" data-e-type=\"column\">\n\t\t\t<div class=\"elementor-widget-wrap elementor-element-populated\">\n\t\t\t\t\t\t<div class=\"elementor-element elementor-element-290d39b9 elementor-icon-list--layout-traditional elementor-list-item-link-full_width elementor-widget elementor-widget-icon-list\" data-id=\"290d39b9\" data-element_type=\"widget\" data-e-type=\"widget\" data-widget_type=\"icon-list.default\">\n\t\t\t\t<div class=\"elementor-widget-container\">\n\t\t\t\t\t\t\t<ul class=\"elementor-icon-list-items\">\n\t\t\t\t\t\t\t<li class=\"elementor-icon-list-item\">\n\t\t\t\t\t\t\t\t\t\t\t<span class=\"elementor-icon-list-icon\">\n\t\t\t\t\t\t\t<i aria-hidden=\"true\" class=\"fas fa-sun\"><\/i>\t\t\t\t\t\t<\/span>\n\t\t\t\t\t\t\t\t\t\t<span class=\"elementor-icon-list-text\">Sch\u00f6ner Ort, um den Sonnenuntergang zu beobachten<\/span>\n\t\t\t\t\t\t\t\t\t<\/li>\n\t\t\t\t\t\t<\/ul>\n\t\t\t\t\t\t<\/div>\n\t\t\t\t<\/div>\n\t\t\t\t\t<\/div>\n\t\t<\/div>\n\t\t\t\t<div class=\"elementor-column elementor-col-33 elementor-top-column elementor-element elementor-element-61ef2806\" data-id=\"61ef2806\" data-element_type=\"column\" data-e-type=\"column\">\n\t\t\t<div class=\"elementor-widget-wrap elementor-element-populated\">\n\t\t\t\t\t\t<div class=\"elementor-element elementor-element-1ed1bbbc elementor-icon-list--layout-traditional elementor-list-item-link-full_width elementor-widget elementor-widget-icon-list\" data-id=\"1ed1bbbc\" data-element_type=\"widget\" data-e-type=\"widget\" data-widget_type=\"icon-list.default\">\n\t\t\t\t<div class=\"elementor-widget-container\">\n\t\t\t\t\t\t\t<ul class=\"elementor-icon-list-items\">\n\t\t\t\t\t\t\t<li class=\"elementor-icon-list-item\">\n\t\t\t\t\t\t\t\t\t\t\t<span class=\"elementor-icon-list-icon\">\n\t\t\t\t\t\t\t<i aria-hidden=\"true\" class=\"fas fa-heart\"><\/i>\t\t\t\t\t\t<\/span>\n\t\t\t\t\t\t\t\t\t\t<span class=\"elementor-icon-list-text\">Bohemian Strandzelt<\/span>\n\t\t\t\t\t\t\t\t\t<\/li>\n\t\t\t\t\t\t<\/ul>\n\t\t\t\t\t\t<\/div>\n\t\t\t\t<\/div>\n\t\t\t\t\t<\/div>\n\t\t<\/div>\n\t\t\t\t<div class=\"elementor-column elementor-col-33 elementor-top-column elementor-element elementor-element-52afa7e0\" data-id=\"52afa7e0\" data-element_type=\"column\" data-e-type=\"column\">\n\t\t\t<div class=\"elementor-widget-wrap elementor-element-populated\">\n\t\t\t\t\t\t<div class=\"elementor-element elementor-element-40af0c1 elementor-icon-list--layout-traditional elementor-list-item-link-full_width elementor-widget elementor-widget-icon-list\" data-id=\"40af0c1\" data-element_type=\"widget\" data-e-type=\"widget\" data-widget_type=\"icon-list.default\">\n\t\t\t\t<div class=\"elementor-widget-container\">\n\t\t\t\t\t\t\t<ul class=\"elementor-icon-list-items\">\n\t\t\t\t\t\t\t<li class=\"elementor-icon-list-item\">\n\t\t\t\t\t\t\t\t\t\t\t<span class=\"elementor-icon-list-icon\">\n\t\t\t\t\t\t\t<i aria-hidden=\"true\" class=\"fas fa-umbrella-beach\"><\/i>\t\t\t\t\t\t<\/span>\n\t\t\t\t\t\t\t\t\t\t<span class=\"elementor-icon-list-text\">Entspannen am Strand<\/span>\n\t\t\t\t\t\t\t\t\t<\/li>\n\t\t\t\t\t\t<\/ul>\n\t\t\t\t\t\t<\/div>\n\t\t\t\t<\/div>\n\t\t\t\t\t<\/div>\n\t\t<\/div>\n\t\t\t\t\t<\/div>\n\t\t<\/section>\n\t\t\t\t<section class=\"elementor-section elementor-top-section elementor-element elementor-element-2784adc9 elementor-section-boxed elementor-section-height-default elementor-section-height-default\" data-id=\"2784adc9\" data-element_type=\"section\" data-e-type=\"section\">\n\t\t\t\t\t\t<div class=\"elementor-container elementor-column-gap-default\">\n\t\t\t\t\t<div class=\"elementor-column elementor-col-50 elementor-top-column elementor-element elementor-element-238c294d\" data-id=\"238c294d\" data-element_type=\"column\" data-e-type=\"column\">\n\t\t\t<div class=\"elementor-widget-wrap elementor-element-populated\">\n\t\t\t\t\t\t<div class=\"elementor-element elementor-element-fa573d8 elementor-widget elementor-widget-text-editor\" data-id=\"fa573d8\" data-element_type=\"widget\" data-e-type=\"widget\" data-widget_type=\"text-editor.default\">\n\t\t\t\t<div class=\"elementor-widget-container\">\n\t\t\t\t\t\t\t\t\t<p>Wie nennen Sie es? Tropisch? Boh\u00e8me-Stil? Hippie-m\u00e4\u00dfig? Entspannt? Alles-in-Element(e)? Alles wahr. Aber diese strahlende Freiheit des gemeinsamen Essens mit einem Drink in der Hand, Sand zwischen den Zehen und Musik in den Ohren am Strandtent Elements Beach auf Slag Vlugtenburg. Bleibt unbeschreiblich&#8230;<\/p>\n<p><em>Empfehlung: Lassen Sie Ihr Telefon zu Hause und schalten Sie alle elektronischen Ger\u00e4te aus, um ein besonders entspannendes Erlebnis ohne Facebook-Benachrichtigungen und eingehende E-Mails zu haben.<\/em><\/p>\n\t\t\t\t\t\t\t\t<\/div>\n\t\t\t\t<\/div>\n\t\t\t\t<div class=\"elementor-element elementor-element-b000065 elementor-widget elementor-widget-heading\" data-id=\"b000065\" data-element_type=\"widget\" data-e-type=\"widget\" data-widget_type=\"heading.default\">\n\t\t\t\t<div class=\"elementor-widget-container\">\n\t\t\t\t\t<h2 class=\"elementor-heading-title elementor-size-default\">Das ist es, was Sie erleben und mit eigenen Augen sehen wollen<\/h2>\t\t\t\t<\/div>\n\t\t\t\t<\/div>\n\t\t\t\t<div class=\"elementor-element elementor-element-37c05ca7 elementor-widget elementor-widget-text-editor\" data-id=\"37c05ca7\" data-element_type=\"widget\" data-e-type=\"widget\" data-widget_type=\"text-editor.default\">\n\t\t\t\t<div class=\"elementor-widget-container\">\n\t\t\t\t\t\t\t\t\t<div class=\"et_pb_module et_pb_text et_pb_text_2 et_pb_text_align_center et_pb_bg_layout_light\">\n<div class=\"et_pb_text_inner\">\n<p>Das (pflanzliche) Sch\u00f6ne daran?<br \/>\nIm Elements wird haupts\u00e4chlich mit pflanzlichen und nachhaltigen Produkten gekocht.<br \/>\nEnthalten die Gerichte tierische Zutaten?<br \/>\nDann entscheiden sie sich immer f\u00fcr die Bio-Version.<br \/>\nAu\u00dferdem nutzen sie jede Gelegenheit, um mit ihrem BBQ-Smoker zu experimentieren.<br \/>\nNat\u00fcrlich, um Sie mit neuen Kreationen zu \u00fcberraschen.     <\/p>\n<\/div>\n<\/div>\n\t\t\t\t\t\t\t\t<\/div>\n\t\t\t\t<\/div>\n\t\t\t\t<div class=\"elementor-element elementor-element-d42d61f elementor-align-center elementor-widget elementor-widget-button\" data-id=\"d42d61f\" data-element_type=\"widget\" data-e-type=\"widget\" data-widget_type=\"button.default\">\n\t\t\t\t<div class=\"elementor-widget-container\">\n\t\t\t\t\t\t\t\t\t<div class=\"elementor-button-wrapper\">\n\t\t\t\t\t<a class=\"elementor-button elementor-button-link elementor-size-sm\" href=\"https:\/\/elementsbeach.nl\/\">\n\t\t\t\t\t\t<span class=\"elementor-button-content-wrapper\">\n\t\t\t\t\t\t\t\t\t<span class=\"elementor-button-text\">Ansichtselemente Standort Strand<\/span>\n\t\t\t\t\t<\/span>\n\t\t\t\t\t<\/a>\n\t\t\t\t<\/div>\n\t\t\t\t\t\t\t\t<\/div>\n\t\t\t\t<\/div>\n\t\t\t\t\t<\/div>\n\t\t<\/div>\n\t\t\t\t<div class=\"elementor-column elementor-col-50 elementor-top-column elementor-element elementor-element-e5e463e\" data-id=\"e5e463e\" data-element_type=\"column\" data-e-type=\"column\">\n\t\t\t<div class=\"elementor-widget-wrap elementor-element-populated\">\n\t\t\t\t\t\t<div class=\"elementor-element elementor-element-b2728af elementor-widget elementor-widget-image\" data-id=\"b2728af\" data-element_type=\"widget\" data-e-type=\"widget\" data-widget_type=\"image.default\">\n\t\t\t\t<div class=\"elementor-widget-container\">\n\t\t\t\t\t\t\t\t\t\t\t\t\t\t\t<img fetchpriority=\"high\" decoding=\"async\" width=\"600\" height=\"450\" src=\"https:\/\/saharastay.nl\/wp-content\/uploads\/2024\/09\/1-7.png\" class=\"attachment-large size-large wp-image-6014\" alt=\"elements beach strandtent\" srcset=\"https:\/\/saharastay.nl\/wp-content\/uploads\/2024\/09\/1-7.png 600w, https:\/\/saharastay.nl\/wp-content\/uploads\/2024\/09\/1-7-300x225.png 300w\" sizes=\"(max-width: 600px) 100vw, 600px\" \/>\t\t\t\t\t\t\t\t\t\t\t\t\t\t\t<\/div>\n\t\t\t\t<\/div>\n\t\t\t\t<div class=\"elementor-element elementor-element-27751d9 elementor-widget elementor-widget-image\" data-id=\"27751d9\" data-element_type=\"widget\" data-e-type=\"widget\" data-widget_type=\"image.default\">\n\t\t\t\t<div class=\"elementor-widget-container\">\n\t\t\t\t\t\t\t\t\t\t\t\t\t\t\t<img decoding=\"async\" width=\"600\" height=\"450\" src=\"https:\/\/saharastay.nl\/wp-content\/uploads\/2024\/09\/2-7.png\" class=\"attachment-large size-large wp-image-6017\" alt=\"elements beach sgravenzande\" srcset=\"https:\/\/saharastay.nl\/wp-content\/uploads\/2024\/09\/2-7.png 600w, https:\/\/saharastay.nl\/wp-content\/uploads\/2024\/09\/2-7-300x225.png 300w\" sizes=\"(max-width: 600px) 100vw, 600px\" \/>\t\t\t\t\t\t\t\t\t\t\t\t\t\t\t<\/div>\n\t\t\t\t<\/div>\n\t\t\t\t<div class=\"elementor-element elementor-element-eb847e4 elementor-widget elementor-widget-accordion\" data-id=\"eb847e4\" data-element_type=\"widget\" data-e-type=\"widget\" data-widget_type=\"accordion.default\">\n\t\t\t\t<div class=\"elementor-widget-container\">\n\t\t\t\t\t\t\t<div class=\"elementor-accordion\">\n\t\t\t\t\t\t\t<div class=\"elementor-accordion-item\">\n\t\t\t\t\t<div id=\"elementor-tab-title-2461\" class=\"elementor-tab-title\" data-tab=\"1\" role=\"button\" aria-controls=\"elementor-tab-content-2461\" aria-expanded=\"false\">\n\t\t\t\t\t\t\t\t\t\t\t\t\t<span class=\"elementor-accordion-icon elementor-accordion-icon-left\" aria-hidden=\"true\">\n\t\t\t\t\t\t\t\t\t\t\t\t\t\t\t<span class=\"elementor-accordion-icon-closed\"><i class=\"fas fa-plus\"><\/i><\/span>\n\t\t\t\t\t\t\t\t<span class=\"elementor-accordion-icon-opened\"><i class=\"fas fa-minus\"><\/i><\/span>\n\t\t\t\t\t\t\t\t\t\t\t\t\t\t<\/span>\n\t\t\t\t\t\t\t\t\t\t\t\t<a class=\"elementor-accordion-title\" tabindex=\"0\">Titel Akkordeon<\/a>\n\t\t\t\t\t<\/div>\n\t\t\t\t\t<div id=\"elementor-tab-content-2461\" class=\"elementor-tab-content elementor-clearfix\" data-tab=\"1\" role=\"region\" aria-labelledby=\"elementor-tab-title-2461\">Akkordeon Inhalt<\/div>\n\t\t\t\t<\/div>\n\t\t\t\t\t\t\t<div class=\"elementor-accordion-item\">\n\t\t\t\t\t<div id=\"elementor-tab-title-2462\" class=\"elementor-tab-title\" data-tab=\"2\" role=\"button\" aria-controls=\"elementor-tab-content-2462\" aria-expanded=\"false\">\n\t\t\t\t\t\t\t\t\t\t\t\t\t<span class=\"elementor-accordion-icon elementor-accordion-icon-left\" aria-hidden=\"true\">\n\t\t\t\t\t\t\t\t\t\t\t\t\t\t\t<span class=\"elementor-accordion-icon-closed\"><i class=\"fas fa-plus\"><\/i><\/span>\n\t\t\t\t\t\t\t\t<span class=\"elementor-accordion-icon-opened\"><i class=\"fas fa-minus\"><\/i><\/span>\n\t\t\t\t\t\t\t\t\t\t\t\t\t\t<\/span>\n\t\t\t\t\t\t\t\t\t\t\t\t<a class=\"elementor-accordion-title\" tabindex=\"0\">1. F\u00fcr wen ist das geeignet?<\/a>\n\t\t\t\t\t<\/div>\n\t\t\t\t\t<div id=\"elementor-tab-content-2462\" class=\"elementor-tab-content elementor-clearfix\" data-tab=\"2\" role=\"region\" aria-labelledby=\"elementor-tab-title-2462\"><h5>Elements Beach ist buchst\u00e4blich f\u00fcr jeden geeignet, der gerne Sand zwischen den Zehen hat und dies mit einem netten Snack und einem Getr\u00e4nk kombiniert.<br \/>\nZiehen Sie Ihre Schuhe aus, schlagen Sie die Zeitung auf und es ist Zeit f\u00fcr einen Kaffee.<br \/>\nBeginnen Sie den Tag entspannt und sitzen Sie hier den ganzen Tag, bis die Sonne wieder untergeht.  <\/h5>\n<\/div>\n\t\t\t\t<\/div>\n\t\t\t\t\t\t\t<div class=\"elementor-accordion-item\">\n\t\t\t\t\t<div id=\"elementor-tab-title-2463\" class=\"elementor-tab-title\" data-tab=\"3\" role=\"button\" aria-controls=\"elementor-tab-content-2463\" aria-expanded=\"false\">\n\t\t\t\t\t\t\t\t\t\t\t\t\t<span class=\"elementor-accordion-icon elementor-accordion-icon-left\" aria-hidden=\"true\">\n\t\t\t\t\t\t\t\t\t\t\t\t\t\t\t<span class=\"elementor-accordion-icon-closed\"><i class=\"fas fa-plus\"><\/i><\/span>\n\t\t\t\t\t\t\t\t<span class=\"elementor-accordion-icon-opened\"><i class=\"fas fa-minus\"><\/i><\/span>\n\t\t\t\t\t\t\t\t\t\t\t\t\t\t<\/span>\n\t\t\t\t\t\t\t\t\t\t\t\t<a class=\"elementor-accordion-title\" tabindex=\"0\">2. Zug\u00e4nglichkeit<\/a>\n\t\t\t\t\t<\/div>\n\t\t\t\t\t<div id=\"elementor-tab-content-2463\" class=\"elementor-tab-content elementor-clearfix\" data-tab=\"3\" role=\"region\" aria-labelledby=\"elementor-tab-title-2463\"><h5>Gehen Sie in Richtung Horizont, durch die D\u00fcnen zum Meer, ziehen Sie die Schuhe aus und biegen Sie dann am Strandeingang von Vlugtenburg &#8217;s-Gravenzande links ab.<br \/>\nHier finden Sie den Elements Beach. <\/h5>\n<\/div>\n\t\t\t\t<\/div>\n\t\t\t\t\t\t\t<div class=\"elementor-accordion-item\">\n\t\t\t\t\t<div id=\"elementor-tab-title-2464\" class=\"elementor-tab-title\" data-tab=\"4\" role=\"button\" aria-controls=\"elementor-tab-content-2464\" aria-expanded=\"false\">\n\t\t\t\t\t\t\t\t\t\t\t\t\t<span class=\"elementor-accordion-icon elementor-accordion-icon-left\" aria-hidden=\"true\">\n\t\t\t\t\t\t\t\t\t\t\t\t\t\t\t<span class=\"elementor-accordion-icon-closed\"><i class=\"fas fa-plus\"><\/i><\/span>\n\t\t\t\t\t\t\t\t<span class=\"elementor-accordion-icon-opened\"><i class=\"fas fa-minus\"><\/i><\/span>\n\t\t\t\t\t\t\t\t\t\t\t\t\t\t<\/span>\n\t\t\t\t\t\t\t\t\t\t\t\t<a class=\"elementor-accordion-title\" tabindex=\"0\">3. B\u00fccher<\/a>\n\t\t\t\t\t<\/div>\n\t\t\t\t\t<div id=\"elementor-tab-content-2464\" class=\"elementor-tab-content elementor-clearfix\" data-tab=\"4\" role=\"region\" aria-labelledby=\"elementor-tab-title-2464\"><p>Im Elements Beach k\u00f6nnen Sie unangemeldet vorbeischauen.<br \/>\nM\u00f6chten Sie mit einer gro\u00dfen Gruppe essen?<br \/>\nDann ist eine Reservierung im Voraus empfehlenswert.<br \/>\nDie Rezeption ist Ihnen dabei gerne behilflich, falls n\u00f6tig.   <\/p>\n<\/div>\n\t\t\t\t<\/div>\n\t\t\t\t\t\t\t\t<\/div>\n\t\t\t\t\t\t<\/div>\n\t\t\t\t<\/div>\n\t\t\t\t\t<\/div>\n\t\t<\/div>\n\t\t\t\t\t<\/div>\n\t\t<\/section>\n\t\t\t\t<\/div>\n\t\t","protected":false},"excerpt":{"rendered":"<p>Elements Strandzelt Sch\u00f6ner Ort, um den Sonnenuntergang zu beobachten Bohemian Strandzelt Entspannen am Strand Wie nennen Sie es? Tropisch? Boh\u00e8me-Stil? Hippie-m\u00e4\u00dfig? Entspannt? Alles-in-Element(e)? Alles wahr. Aber diese strahlende Freiheit des gemeinsamen Essens mit einem Drink in der Hand, Sand zwischen den Zehen und Musik in den Ohren am Strandtent Elements Beach auf Slag Vlugtenburg. Bleibt [&hellip;]<\/p>\n","protected":false},"author":1,"featured_media":0,"parent":0,"menu_order":0,"comment_status":"closed","ping_status":"closed","template":"","meta":{"footnotes":""},"class_list":["post-6008","page","type-page","status-publish","hentry"],"yoast_head":"<!-- This site is optimized with the Yoast SEO plugin v27.4 - https:\/\/yoast.com\/product\/yoast-seo-wordpress\/ -->\n<title>Elemente Strandzelt - Sahara Stay<\/title>\n<meta name=\"description\" content=\"Essen gehen am Strand? In der N\u00e4he des Sahara Stay befindet sich die Elements Strandzelt, ein entspannender Ort, um eine gute Mahlzeit zu genie\u00dfen.\" \/>\n<meta name=\"robots\" content=\"index, follow, max-snippet:-1, max-image-preview:large, max-video-preview:-1\" \/>\n<link rel=\"canonical\" href=\"https:\/\/saharastay.nl\/de\/elemente-strandzelt\" \/>\n<meta property=\"og:locale\" content=\"de_DE\" \/>\n<meta property=\"og:type\" content=\"article\" \/>\n<meta property=\"og:title\" content=\"Elemente Strandzelt - Sahara Stay\" \/>\n<meta property=\"og:description\" content=\"Essen gehen am Strand? In der N\u00e4he des Sahara Stay befindet sich die Elements Strandzelt, ein entspannender Ort, um eine gute Mahlzeit zu genie\u00dfen.\" \/>\n<meta property=\"og:url\" content=\"https:\/\/saharastay.nl\/de\/elemente-strandzelt\" \/>\n<meta property=\"og:site_name\" content=\"Sahara Stay\" \/>\n<meta property=\"article:publisher\" content=\"https:\/\/www.facebook.com\/people\/Sahara-Stay\/100088721635844\/\" \/>\n<meta property=\"article:modified_time\" content=\"2026-02-17T14:55:46+00:00\" \/>\n<meta property=\"og:image\" content=\"https:\/\/saharastay.nl\/wp-content\/uploads\/2024\/09\/1-7.png\" \/>\n<meta name=\"twitter:card\" content=\"summary_large_image\" \/>\n<meta name=\"twitter:label1\" content=\"Gesch\u00e4tzte Lesezeit\" \/>\n\t<meta name=\"twitter:data1\" content=\"2\u00a0Minuten\" \/>\n<script type=\"application\/ld+json\" class=\"yoast-schema-graph\">{\"@context\":\"https:\\\/\\\/schema.org\",\"@graph\":[{\"@type\":\"WebPage\",\"@id\":\"https:\\\/\\\/saharastay.nl\\\/de\\\/elemente-strandzelt\",\"url\":\"https:\\\/\\\/saharastay.nl\\\/de\\\/elemente-strandzelt\",\"name\":\"Elemente Strandzelt - Sahara Stay\",\"isPartOf\":{\"@id\":\"https:\\\/\\\/saharastay.nl\\\/de#website\"},\"primaryImageOfPage\":{\"@id\":\"https:\\\/\\\/saharastay.nl\\\/de\\\/elemente-strandzelt#primaryimage\"},\"image\":{\"@id\":\"https:\\\/\\\/saharastay.nl\\\/de\\\/elemente-strandzelt#primaryimage\"},\"thumbnailUrl\":\"https:\\\/\\\/saharastay.nl\\\/wp-content\\\/uploads\\\/2024\\\/09\\\/1-7.png\",\"datePublished\":\"2024-09-11T14:30:33+00:00\",\"dateModified\":\"2026-02-17T14:55:46+00:00\",\"description\":\"Essen gehen am Strand? In der N\u00e4he des Sahara Stay befindet sich die Elements Strandzelt, ein entspannender Ort, um eine gute Mahlzeit zu genie\u00dfen.\",\"breadcrumb\":{\"@id\":\"https:\\\/\\\/saharastay.nl\\\/de\\\/elemente-strandzelt#breadcrumb\"},\"inLanguage\":\"de\",\"potentialAction\":[{\"@type\":\"ReadAction\",\"target\":[\"https:\\\/\\\/saharastay.nl\\\/de\\\/elemente-strandzelt\"]}]},{\"@type\":\"ImageObject\",\"inLanguage\":\"de\",\"@id\":\"https:\\\/\\\/saharastay.nl\\\/de\\\/elemente-strandzelt#primaryimage\",\"url\":\"https:\\\/\\\/saharastay.nl\\\/wp-content\\\/uploads\\\/2024\\\/09\\\/1-7.png\",\"contentUrl\":\"https:\\\/\\\/saharastay.nl\\\/wp-content\\\/uploads\\\/2024\\\/09\\\/1-7.png\"},{\"@type\":\"BreadcrumbList\",\"@id\":\"https:\\\/\\\/saharastay.nl\\\/de\\\/elemente-strandzelt#breadcrumb\",\"itemListElement\":[{\"@type\":\"ListItem\",\"position\":1,\"name\":\"Home\",\"item\":\"https:\\\/\\\/saharastay.nl\\\/de\\\/sahara-zuhause-bleiben\"},{\"@type\":\"ListItem\",\"position\":2,\"name\":\"Elemente Strandzelt\"}]},{\"@type\":\"WebSite\",\"@id\":\"https:\\\/\\\/saharastay.nl\\\/de#website\",\"url\":\"https:\\\/\\\/saharastay.nl\\\/de\",\"name\":\"Sahara Stay\",\"description\":\"\",\"publisher\":{\"@id\":\"https:\\\/\\\/saharastay.nl\\\/de#organization\"},\"potentialAction\":[{\"@type\":\"SearchAction\",\"target\":{\"@type\":\"EntryPoint\",\"urlTemplate\":\"https:\\\/\\\/saharastay.nl\\\/de?s={search_term_string}\"},\"query-input\":{\"@type\":\"PropertyValueSpecification\",\"valueRequired\":true,\"valueName\":\"search_term_string\"}}],\"inLanguage\":\"de\"},{\"@type\":\"Organization\",\"@id\":\"https:\\\/\\\/saharastay.nl\\\/de#organization\",\"name\":\"Sahara Stay\",\"url\":\"https:\\\/\\\/saharastay.nl\\\/de\",\"logo\":{\"@type\":\"ImageObject\",\"inLanguage\":\"de\",\"@id\":\"https:\\\/\\\/saharastay.nl\\\/de#\\\/schema\\\/logo\\\/image\\\/\",\"url\":\"https:\\\/\\\/saharastay.nl\\\/wp-content\\\/uploads\\\/2022\\\/12\\\/Sahara_Stay_-_Surf_en_relax-removebg-preview.png\",\"contentUrl\":\"https:\\\/\\\/saharastay.nl\\\/wp-content\\\/uploads\\\/2022\\\/12\\\/Sahara_Stay_-_Surf_en_relax-removebg-preview.png\",\"width\":498,\"height\":501,\"caption\":\"Sahara Stay\"},\"image\":{\"@id\":\"https:\\\/\\\/saharastay.nl\\\/de#\\\/schema\\\/logo\\\/image\\\/\"},\"sameAs\":[\"https:\\\/\\\/www.facebook.com\\\/people\\\/Sahara-Stay\\\/100088721635844\\\/\",\"https:\\\/\\\/www.instagram.com\\\/saharastay\\\/\"]}]}<\/script>\n<!-- \/ Yoast SEO plugin. -->","yoast_head_json":{"title":"Elemente Strandzelt - Sahara Stay","description":"Essen gehen am Strand? In der N\u00e4he des Sahara Stay befindet sich die Elements Strandzelt, ein entspannender Ort, um eine gute Mahlzeit zu genie\u00dfen.","robots":{"index":"index","follow":"follow","max-snippet":"max-snippet:-1","max-image-preview":"max-image-preview:large","max-video-preview":"max-video-preview:-1"},"canonical":"https:\/\/saharastay.nl\/de\/elemente-strandzelt","og_locale":"de_DE","og_type":"article","og_title":"Elemente Strandzelt - Sahara Stay","og_description":"Essen gehen am Strand? In der N\u00e4he des Sahara Stay befindet sich die Elements Strandzelt, ein entspannender Ort, um eine gute Mahlzeit zu genie\u00dfen.","og_url":"https:\/\/saharastay.nl\/de\/elemente-strandzelt","og_site_name":"Sahara Stay","article_publisher":"https:\/\/www.facebook.com\/people\/Sahara-Stay\/100088721635844\/","article_modified_time":"2026-02-17T14:55:46+00:00","og_image":[{"url":"https:\/\/saharastay.nl\/wp-content\/uploads\/2024\/09\/1-7.png","type":"","width":"","height":""}],"twitter_card":"summary_large_image","twitter_misc":{"Gesch\u00e4tzte Lesezeit":"2\u00a0Minuten"},"schema":{"@context":"https:\/\/schema.org","@graph":[{"@type":"WebPage","@id":"https:\/\/saharastay.nl\/de\/elemente-strandzelt","url":"https:\/\/saharastay.nl\/de\/elemente-strandzelt","name":"Elemente Strandzelt - Sahara Stay","isPartOf":{"@id":"https:\/\/saharastay.nl\/de#website"},"primaryImageOfPage":{"@id":"https:\/\/saharastay.nl\/de\/elemente-strandzelt#primaryimage"},"image":{"@id":"https:\/\/saharastay.nl\/de\/elemente-strandzelt#primaryimage"},"thumbnailUrl":"https:\/\/saharastay.nl\/wp-content\/uploads\/2024\/09\/1-7.png","datePublished":"2024-09-11T14:30:33+00:00","dateModified":"2026-02-17T14:55:46+00:00","description":"Essen gehen am Strand? In der N\u00e4he des Sahara Stay befindet sich die Elements Strandzelt, ein entspannender Ort, um eine gute Mahlzeit zu genie\u00dfen.","breadcrumb":{"@id":"https:\/\/saharastay.nl\/de\/elemente-strandzelt#breadcrumb"},"inLanguage":"de","potentialAction":[{"@type":"ReadAction","target":["https:\/\/saharastay.nl\/de\/elemente-strandzelt"]}]},{"@type":"ImageObject","inLanguage":"de","@id":"https:\/\/saharastay.nl\/de\/elemente-strandzelt#primaryimage","url":"https:\/\/saharastay.nl\/wp-content\/uploads\/2024\/09\/1-7.png","contentUrl":"https:\/\/saharastay.nl\/wp-content\/uploads\/2024\/09\/1-7.png"},{"@type":"BreadcrumbList","@id":"https:\/\/saharastay.nl\/de\/elemente-strandzelt#breadcrumb","itemListElement":[{"@type":"ListItem","position":1,"name":"Home","item":"https:\/\/saharastay.nl\/de\/sahara-zuhause-bleiben"},{"@type":"ListItem","position":2,"name":"Elemente Strandzelt"}]},{"@type":"WebSite","@id":"https:\/\/saharastay.nl\/de#website","url":"https:\/\/saharastay.nl\/de","name":"Sahara Stay","description":"","publisher":{"@id":"https:\/\/saharastay.nl\/de#organization"},"potentialAction":[{"@type":"SearchAction","target":{"@type":"EntryPoint","urlTemplate":"https:\/\/saharastay.nl\/de?s={search_term_string}"},"query-input":{"@type":"PropertyValueSpecification","valueRequired":true,"valueName":"search_term_string"}}],"inLanguage":"de"},{"@type":"Organization","@id":"https:\/\/saharastay.nl\/de#organization","name":"Sahara Stay","url":"https:\/\/saharastay.nl\/de","logo":{"@type":"ImageObject","inLanguage":"de","@id":"https:\/\/saharastay.nl\/de#\/schema\/logo\/image\/","url":"https:\/\/saharastay.nl\/wp-content\/uploads\/2022\/12\/Sahara_Stay_-_Surf_en_relax-removebg-preview.png","contentUrl":"https:\/\/saharastay.nl\/wp-content\/uploads\/2022\/12\/Sahara_Stay_-_Surf_en_relax-removebg-preview.png","width":498,"height":501,"caption":"Sahara Stay"},"image":{"@id":"https:\/\/saharastay.nl\/de#\/schema\/logo\/image\/"},"sameAs":["https:\/\/www.facebook.com\/people\/Sahara-Stay\/100088721635844\/","https:\/\/www.instagram.com\/saharastay\/"]}]}},"_links":{"self":[{"href":"https:\/\/saharastay.nl\/de\/wp-json\/wp\/v2\/pages\/6008","targetHints":{"allow":["GET"]}}],"collection":[{"href":"https:\/\/saharastay.nl\/de\/wp-json\/wp\/v2\/pages"}],"about":[{"href":"https:\/\/saharastay.nl\/de\/wp-json\/wp\/v2\/types\/page"}],"author":[{"embeddable":true,"href":"https:\/\/saharastay.nl\/de\/wp-json\/wp\/v2\/users\/1"}],"replies":[{"embeddable":true,"href":"https:\/\/saharastay.nl\/de\/wp-json\/wp\/v2\/comments?post=6008"}],"version-history":[{"count":4,"href":"https:\/\/saharastay.nl\/de\/wp-json\/wp\/v2\/pages\/6008\/revisions"}],"predecessor-version":[{"id":6534,"href":"https:\/\/saharastay.nl\/de\/wp-json\/wp\/v2\/pages\/6008\/revisions\/6534"}],"wp:attachment":[{"href":"https:\/\/saharastay.nl\/de\/wp-json\/wp\/v2\/media?parent=6008"}],"curies":[{"name":"wp","href":"https:\/\/api.w.org\/{rel}","templated":true}]}}