{"id":6214,"date":"2024-09-11T14:57:19","date_gmt":"2024-09-11T14:57:19","guid":{"rendered":"https:\/\/saharastay.nl\/?page_id=6214"},"modified":"2026-02-17T14:51:14","modified_gmt":"2026-02-17T14:51:14","slug":"karting-oder-laserspiel-bei-van-der-ende-racing-fun","status":"publish","type":"page","link":"https:\/\/saharastay.nl\/de\/karting-oder-laserspiel-bei-van-der-ende-racing-fun","title":{"rendered":"Karting oder Laserspiel bei Van der Ende Racing &amp; Fun"},"content":{"rendered":"\t\t<div data-elementor-type=\"wp-page\" data-elementor-id=\"6214\" class=\"elementor elementor-6214 elementor-6212\" data-elementor-post-type=\"page\">\n\t\t\t\t\t\t<section class=\"elementor-section elementor-top-section elementor-element elementor-element-7ffa461f elementor-section-boxed elementor-section-height-default elementor-section-height-default\" data-id=\"7ffa461f\" data-element_type=\"section\" data-e-type=\"section\">\n\t\t\t\t\t\t<div class=\"elementor-container elementor-column-gap-default\">\n\t\t\t\t\t<div class=\"elementor-column elementor-col-100 elementor-top-column elementor-element elementor-element-72b54edc\" data-id=\"72b54edc\" data-element_type=\"column\" data-e-type=\"column\">\n\t\t\t<div class=\"elementor-widget-wrap elementor-element-populated\">\n\t\t\t\t\t\t<div class=\"elementor-element elementor-element-6bf4224f elementor-widget elementor-widget-heading\" data-id=\"6bf4224f\" data-element_type=\"widget\" data-e-type=\"widget\" data-widget_type=\"heading.default\">\n\t\t\t\t<div class=\"elementor-widget-container\">\n\t\t\t\t\t<h2 class=\"elementor-heading-title elementor-size-default\"><a href=\"https:\/\/www.vanderende.com\/\">Van der Ende Racing &amp; Fun<\/a><\/h2>\t\t\t\t<\/div>\n\t\t\t\t<\/div>\n\t\t\t\t\t<\/div>\n\t\t<\/div>\n\t\t\t\t\t<\/div>\n\t\t<\/section>\n\t\t\t\t<section class=\"elementor-section elementor-top-section elementor-element elementor-element-516cace3 elementor-section-boxed elementor-section-height-default elementor-section-height-default\" data-id=\"516cace3\" data-element_type=\"section\" data-e-type=\"section\">\n\t\t\t\t\t\t<div class=\"elementor-container elementor-column-gap-default\">\n\t\t\t\t\t<div class=\"elementor-column elementor-col-33 elementor-top-column elementor-element elementor-element-1af5cfe5\" data-id=\"1af5cfe5\" data-element_type=\"column\" data-e-type=\"column\">\n\t\t\t<div class=\"elementor-widget-wrap elementor-element-populated\">\n\t\t\t\t\t\t<div class=\"elementor-element elementor-element-290d39b9 elementor-icon-list--layout-traditional elementor-list-item-link-full_width elementor-widget elementor-widget-icon-list\" data-id=\"290d39b9\" data-element_type=\"widget\" data-e-type=\"widget\" data-widget_type=\"icon-list.default\">\n\t\t\t\t<div class=\"elementor-widget-container\">\n\t\t\t\t\t\t\t<ul class=\"elementor-icon-list-items\">\n\t\t\t\t\t\t\t<li class=\"elementor-icon-list-item\">\n\t\t\t\t\t\t\t\t\t\t\t<span class=\"elementor-icon-list-icon\">\n\t\t\t\t\t\t\t<i aria-hidden=\"true\" class=\"far fa-heart\"><\/i>\t\t\t\t\t\t<\/span>\n\t\t\t\t\t\t\t\t\t\t<span class=\"elementor-icon-list-text\">Adrenalinrausch<\/span>\n\t\t\t\t\t\t\t\t\t<\/li>\n\t\t\t\t\t\t<\/ul>\n\t\t\t\t\t\t<\/div>\n\t\t\t\t<\/div>\n\t\t\t\t\t<\/div>\n\t\t<\/div>\n\t\t\t\t<div class=\"elementor-column elementor-col-33 elementor-top-column elementor-element elementor-element-61ef2806\" data-id=\"61ef2806\" data-element_type=\"column\" data-e-type=\"column\">\n\t\t\t<div class=\"elementor-widget-wrap elementor-element-populated\">\n\t\t\t\t\t\t<div class=\"elementor-element elementor-element-1ed1bbbc elementor-icon-list--layout-traditional elementor-list-item-link-full_width elementor-widget elementor-widget-icon-list\" data-id=\"1ed1bbbc\" data-element_type=\"widget\" data-e-type=\"widget\" data-widget_type=\"icon-list.default\">\n\t\t\t\t<div class=\"elementor-widget-container\">\n\t\t\t\t\t\t\t<ul class=\"elementor-icon-list-items\">\n\t\t\t\t\t\t\t<li class=\"elementor-icon-list-item\">\n\t\t\t\t\t\t\t\t\t\t\t<span class=\"elementor-icon-list-icon\">\n\t\t\t\t\t\t\t<i aria-hidden=\"true\" class=\"fas fa-car\"><\/i>\t\t\t\t\t\t<\/span>\n\t\t\t\t\t\t\t\t\t\t<span class=\"elementor-icon-list-text\">Karting, Laserspiel und Minigolf<\/span>\n\t\t\t\t\t\t\t\t\t<\/li>\n\t\t\t\t\t\t<\/ul>\n\t\t\t\t\t\t<\/div>\n\t\t\t\t<\/div>\n\t\t\t\t\t<\/div>\n\t\t<\/div>\n\t\t\t\t<div class=\"elementor-column elementor-col-33 elementor-top-column elementor-element elementor-element-52afa7e0\" data-id=\"52afa7e0\" data-element_type=\"column\" data-e-type=\"column\">\n\t\t\t<div class=\"elementor-widget-wrap elementor-element-populated\">\n\t\t\t\t\t\t<div class=\"elementor-element elementor-element-40af0c1 elementor-icon-list--layout-traditional elementor-list-item-link-full_width elementor-widget elementor-widget-icon-list\" data-id=\"40af0c1\" data-element_type=\"widget\" data-e-type=\"widget\" data-widget_type=\"icon-list.default\">\n\t\t\t\t<div class=\"elementor-widget-container\">\n\t\t\t\t\t\t\t<ul class=\"elementor-icon-list-items\">\n\t\t\t\t\t\t\t<li class=\"elementor-icon-list-item\">\n\t\t\t\t\t\t\t\t\t\t\t<span class=\"elementor-icon-list-icon\">\n\t\t\t\t\t\t\t<i aria-hidden=\"true\" class=\"fas fa-location-arrow\"><\/i>\t\t\t\t\t\t<\/span>\n\t\t\t\t\t\t\t\t\t\t<span class=\"elementor-icon-list-text\">In der N\u00e4he<\/span>\n\t\t\t\t\t\t\t\t\t<\/li>\n\t\t\t\t\t\t<\/ul>\n\t\t\t\t\t\t<\/div>\n\t\t\t\t<\/div>\n\t\t\t\t\t<\/div>\n\t\t<\/div>\n\t\t\t\t\t<\/div>\n\t\t<\/section>\n\t\t\t\t<section class=\"elementor-section elementor-top-section elementor-element elementor-element-2784adc9 elementor-section-boxed elementor-section-height-default elementor-section-height-default\" data-id=\"2784adc9\" data-element_type=\"section\" data-e-type=\"section\">\n\t\t\t\t\t\t<div class=\"elementor-container elementor-column-gap-default\">\n\t\t\t\t\t<div class=\"elementor-column elementor-col-50 elementor-top-column elementor-element elementor-element-238c294d\" data-id=\"238c294d\" data-element_type=\"column\" data-e-type=\"column\">\n\t\t\t<div class=\"elementor-widget-wrap elementor-element-populated\">\n\t\t\t\t\t\t<div class=\"elementor-element elementor-element-37c05ca7 elementor-widget elementor-widget-text-editor\" data-id=\"37c05ca7\" data-element_type=\"widget\" data-e-type=\"widget\" data-widget_type=\"text-editor.default\">\n\t\t\t\t<div class=\"elementor-widget-container\">\n\t\t\t\t\t\t\t\t\t<p>Van Der Ende Racing &amp; Fun ist seit Jahren der Ort in Westland und Umgebung, an dem das Adrenalin durch Ihren K\u00f6rper pumpt.<br \/>\nHier werden verschiedene Aktivit\u00e4ten angeboten, die Nerven aus Stahl erfordern!<br \/>\nMit dem Auto erreichen Sie den Standort Poeldijk von Vlugtenburg aus in 15 Minuten.<br \/>\nEs sei denn, Sie \u00fcben bereits Ihre innere Kurventechnik, dann sollte es in 10 Minuten m\u00f6glich sein&#8230;.   <\/p>\n\t\t\t\t\t\t\t\t<\/div>\n\t\t\t\t<\/div>\n\t\t\t\t<div class=\"elementor-element elementor-element-b000065 elementor-widget elementor-widget-heading\" data-id=\"b000065\" data-element_type=\"widget\" data-e-type=\"widget\" data-widget_type=\"heading.default\">\n\t\t\t\t<div class=\"elementor-widget-container\">\n\t\t\t\t\t<h2 class=\"elementor-heading-title elementor-size-default\">Kartieren<\/h2>\t\t\t\t<\/div>\n\t\t\t\t<\/div>\n\t\t\t\t<div class=\"elementor-element elementor-element-b388f1b elementor-widget elementor-widget-text-editor\" data-id=\"b388f1b\" data-element_type=\"widget\" data-e-type=\"widget\" data-widget_type=\"text-editor.default\">\n\t\t\t\t<div class=\"elementor-widget-container\">\n\t\t\t\t\t\t\t\t\t<p>Die Kartbahn bei Van der Ende Racing &amp; Fun ist nicht weniger als 1,2 Kilometer lang, mit Br\u00fccken, Erh\u00f6hungen und mehr als 25 Kurven!<br \/>\nMit einer Mindestbreite von 5 Metern gibt es auch jede Menge \u00dcberholm\u00f6glichkeiten.<br \/>\nAll das macht die Strecke zu einer der spa\u00dfigsten und schnellsten Kartbahnen in den Niederlanden.<br \/>\nKartfahren auf Europas gr\u00f6\u00dfter Strecke ist ab einem Alter von 12 Jahren und 1,50 Metern m\u00f6glich.   <\/p>\n\t\t\t\t\t\t\t\t<\/div>\n\t\t\t\t<\/div>\n\t\t<div class=\"elementor-element elementor-element-e202999 e-flex e-con-boxed e-con e-parent\" data-id=\"e202999\" data-element_type=\"container\" data-e-type=\"container\">\n\t\t\t\t\t<div class=\"e-con-inner\">\n\t\t\t\t<div class=\"elementor-element elementor-element-4bde9a3 elementor-widget elementor-widget-heading\" data-id=\"4bde9a3\" data-element_type=\"widget\" data-e-type=\"widget\" data-widget_type=\"heading.default\">\n\t\t\t\t<div class=\"elementor-widget-container\">\n\t\t\t\t\t<h2 class=\"elementor-heading-title elementor-size-default\">Laser Spiele<\/h2>\t\t\t\t<\/div>\n\t\t\t\t<\/div>\n\t\t\t\t\t<\/div>\n\t\t\t\t<\/div>\n\t\t\t\t<div class=\"elementor-element elementor-element-99d24c5 elementor-widget elementor-widget-text-editor\" data-id=\"99d24c5\" data-element_type=\"widget\" data-e-type=\"widget\" data-widget_type=\"text-editor.default\">\n\t\t\t\t<div class=\"elementor-widget-container\">\n\t\t\t\t\t\t\t\t\t<p>Vergessen Sie Ihre X-box oder Playstation!<br \/>\nWenn Sie eine echte Schlacht erleben wollen, ist Poeldijk der richtige Ort!<br \/>\nSie stellen sich vor, dass Sie sich in einem dunklen, alten, verlassenen Hafen befinden.<br \/>\nDer &#8222;Hafen&#8220; besteht aus einem gro\u00dfen geheimnisvollen Labyrinth mit grandiosen Sound-, Rauch- und Lichteffekten.<br \/>\n(Mindestl\u00e4nge 1,30 m)    <\/p>\n\t\t\t\t\t\t\t\t<\/div>\n\t\t\t\t<\/div>\n\t\t\t\t<div class=\"elementor-element elementor-element-ce9e750 elementor-widget elementor-widget-heading\" data-id=\"ce9e750\" data-element_type=\"widget\" data-e-type=\"widget\" data-widget_type=\"heading.default\">\n\t\t\t\t<div class=\"elementor-widget-container\">\n\t\t\t\t\t<h2 class=\"elementor-heading-title elementor-size-default\">3D-Minigolf im Dunkeln leuchtend<\/h2>\t\t\t\t<\/div>\n\t\t\t\t<\/div>\n\t\t\t\t<div class=\"elementor-element elementor-element-12ab67b elementor-widget elementor-widget-text-editor\" data-id=\"12ab67b\" data-element_type=\"widget\" data-e-type=\"widget\" data-widget_type=\"text-editor.default\">\n\t\t\t\t<div class=\"elementor-widget-container\">\n\t\t\t\t\t\t\t\t\t<p>Das erste im Dunkeln leuchtende 3D-Minigolf in den Niederlanden!<br \/>\nEin einzigartiges Erlebnis, bei dem alle Ihre Sinne auf die Probe gestellt werden.<br \/>\nVersuchen Sie, die Hindernisse auf den 18 Bahnen mit so wenig Schl\u00e4gen wie m\u00f6glich zu \u00fcberwinden.  <\/p>\n<p>Die 18 L\u00f6cher befinden sich in 5 R\u00e4umen mit den Themen Unterwasser, Action-Helden, Eiszeit, Weltraum und Dinosaurier.<br \/>\nAlle Bereiche leuchten im Dunkeln in 3D!<br \/>\nMit einer 3D-Brille k\u00f6nnen Sie sich in die Welt des jeweiligen Themas hineinversetzen.<br \/>\nEin super cooles Erlebnis f\u00fcr Jung und Alt!   <\/p>\n\t\t\t\t\t\t\t\t<\/div>\n\t\t\t\t<\/div>\n\t\t\t\t<div class=\"elementor-element elementor-element-d42d61f elementor-align-center elementor-widget elementor-widget-button\" data-id=\"d42d61f\" data-element_type=\"widget\" data-e-type=\"widget\" data-widget_type=\"button.default\">\n\t\t\t\t<div class=\"elementor-widget-container\">\n\t\t\t\t\t\t\t\t\t<div class=\"elementor-button-wrapper\">\n\t\t\t\t\t<a class=\"elementor-button elementor-button-link elementor-size-sm\" href=\"https:\/\/www.vanderende.com\/\">\n\t\t\t\t\t\t<span class=\"elementor-button-content-wrapper\">\n\t\t\t\t\t\t\t\t\t<span class=\"elementor-button-text\">Besuchen Sie die Website von van der ende racing &amp; fun<\/span>\n\t\t\t\t\t<\/span>\n\t\t\t\t\t<\/a>\n\t\t\t\t<\/div>\n\t\t\t\t\t\t\t\t<\/div>\n\t\t\t\t<\/div>\n\t\t\t\t\t<\/div>\n\t\t<\/div>\n\t\t\t\t<div class=\"elementor-column elementor-col-50 elementor-top-column elementor-element elementor-element-e5e463e\" data-id=\"e5e463e\" data-element_type=\"column\" data-e-type=\"column\">\n\t\t\t<div class=\"elementor-widget-wrap elementor-element-populated\">\n\t\t\t\t\t\t<div class=\"elementor-element elementor-element-b2728af elementor-widget elementor-widget-image\" data-id=\"b2728af\" data-element_type=\"widget\" data-e-type=\"widget\" data-widget_type=\"image.default\">\n\t\t\t\t<div class=\"elementor-widget-container\">\n\t\t\t\t\t\t\t\t\t\t\t\t\t\t\t<img fetchpriority=\"high\" decoding=\"async\" width=\"600\" height=\"450\" src=\"https:\/\/saharastay.nl\/wp-content\/uploads\/2024\/09\/1-17.png\" class=\"attachment-large size-large wp-image-6221\" alt=\"karten van der ende\" srcset=\"https:\/\/saharastay.nl\/wp-content\/uploads\/2024\/09\/1-17.png 600w, https:\/\/saharastay.nl\/wp-content\/uploads\/2024\/09\/1-17-300x225.png 300w\" sizes=\"(max-width: 600px) 100vw, 600px\" \/>\t\t\t\t\t\t\t\t\t\t\t\t\t\t\t<\/div>\n\t\t\t\t<\/div>\n\t\t\t\t<div class=\"elementor-element elementor-element-27751d9 elementor-widget elementor-widget-image\" data-id=\"27751d9\" data-element_type=\"widget\" data-e-type=\"widget\" data-widget_type=\"image.default\">\n\t\t\t\t<div class=\"elementor-widget-container\">\n\t\t\t\t\t\t\t\t\t\t\t\t\t\t\t<img decoding=\"async\" width=\"600\" height=\"450\" src=\"https:\/\/saharastay.nl\/wp-content\/uploads\/2024\/09\/2-18.png\" class=\"attachment-large size-large wp-image-6224\" alt=\"lasergamen van der ende\" srcset=\"https:\/\/saharastay.nl\/wp-content\/uploads\/2024\/09\/2-18.png 600w, https:\/\/saharastay.nl\/wp-content\/uploads\/2024\/09\/2-18-300x225.png 300w\" sizes=\"(max-width: 600px) 100vw, 600px\" \/>\t\t\t\t\t\t\t\t\t\t\t\t\t\t\t<\/div>\n\t\t\t\t<\/div>\n\t\t\t\t\t<\/div>\n\t\t<\/div>\n\t\t\t\t\t<\/div>\n\t\t<\/section>\n\t\t\t\t<\/div>\n\t\t","protected":false},"excerpt":{"rendered":"<p>Van der Ende Racing &amp; Fun Adrenalinrausch Karting, Laserspiel und Minigolf In der N\u00e4he Van Der Ende Racing &amp; Fun ist seit Jahren der Ort in Westland und Umgebung, an dem das Adrenalin durch Ihren K\u00f6rper pumpt. Hier werden verschiedene Aktivit\u00e4ten angeboten, die Nerven aus Stahl erfordern! Mit dem Auto erreichen Sie den Standort Poeldijk [&hellip;]<\/p>\n","protected":false},"author":1,"featured_media":0,"parent":0,"menu_order":0,"comment_status":"closed","ping_status":"closed","template":"","meta":{"footnotes":""},"class_list":["post-6214","page","type-page","status-publish","hentry"],"yoast_head":"<!-- This site is optimized with the Yoast SEO plugin v27.4 - https:\/\/yoast.com\/product\/yoast-seo-wordpress\/ -->\n<title>Karting oder Laserspiel bei Van der Ende Racing &amp; Fun - Sahara Stay<\/title>\n<meta name=\"description\" content=\"Lust auf einen Nachmittag voller Adrenalin? Dann sind Sie bei Van der Ende Racing &amp; Fun an der richtigen Adresse! Kommen Sie zum Go-Kart-Fahren oder zum Laser-Gaming.\" \/>\n<meta name=\"robots\" content=\"index, follow, max-snippet:-1, max-image-preview:large, max-video-preview:-1\" \/>\n<link rel=\"canonical\" href=\"https:\/\/saharastay.nl\/de\/karting-oder-laserspiel-bei-van-der-ende-racing-fun\" \/>\n<meta property=\"og:locale\" content=\"de_DE\" \/>\n<meta property=\"og:type\" content=\"article\" \/>\n<meta property=\"og:title\" content=\"Karting oder Laserspiel bei Van der Ende Racing &amp; Fun - Sahara Stay\" \/>\n<meta property=\"og:description\" content=\"Lust auf einen Nachmittag voller Adrenalin? Dann sind Sie bei Van der Ende Racing &amp; Fun an der richtigen Adresse! Kommen Sie zum Go-Kart-Fahren oder zum Laser-Gaming.\" \/>\n<meta property=\"og:url\" content=\"https:\/\/saharastay.nl\/de\/karting-oder-laserspiel-bei-van-der-ende-racing-fun\" \/>\n<meta property=\"og:site_name\" content=\"Sahara Stay\" \/>\n<meta property=\"article:publisher\" content=\"https:\/\/www.facebook.com\/people\/Sahara-Stay\/100088721635844\/\" \/>\n<meta property=\"article:modified_time\" content=\"2026-02-17T14:51:14+00:00\" \/>\n<meta property=\"og:image\" content=\"https:\/\/saharastay.nl\/wp-content\/uploads\/2024\/09\/1-17.png\" \/>\n<meta name=\"twitter:card\" content=\"summary_large_image\" \/>\n<meta name=\"twitter:label1\" content=\"Gesch\u00e4tzte Lesezeit\" \/>\n\t<meta name=\"twitter:data1\" content=\"2\u00a0Minuten\" \/>\n<script type=\"application\/ld+json\" class=\"yoast-schema-graph\">{\"@context\":\"https:\\\/\\\/schema.org\",\"@graph\":[{\"@type\":\"WebPage\",\"@id\":\"https:\\\/\\\/saharastay.nl\\\/de\\\/karting-oder-laserspiel-bei-van-der-ende-racing-fun\",\"url\":\"https:\\\/\\\/saharastay.nl\\\/de\\\/karting-oder-laserspiel-bei-van-der-ende-racing-fun\",\"name\":\"Karting oder Laserspiel bei Van der Ende Racing &amp; Fun - Sahara Stay\",\"isPartOf\":{\"@id\":\"https:\\\/\\\/saharastay.nl\\\/de#website\"},\"primaryImageOfPage\":{\"@id\":\"https:\\\/\\\/saharastay.nl\\\/de\\\/karting-oder-laserspiel-bei-van-der-ende-racing-fun#primaryimage\"},\"image\":{\"@id\":\"https:\\\/\\\/saharastay.nl\\\/de\\\/karting-oder-laserspiel-bei-van-der-ende-racing-fun#primaryimage\"},\"thumbnailUrl\":\"https:\\\/\\\/saharastay.nl\\\/wp-content\\\/uploads\\\/2024\\\/09\\\/1-17.png\",\"datePublished\":\"2024-09-11T14:57:19+00:00\",\"dateModified\":\"2026-02-17T14:51:14+00:00\",\"description\":\"Lust auf einen Nachmittag voller Adrenalin? Dann sind Sie bei Van der Ende Racing & Fun an der richtigen Adresse! Kommen Sie zum Go-Kart-Fahren oder zum Laser-Gaming.\",\"breadcrumb\":{\"@id\":\"https:\\\/\\\/saharastay.nl\\\/de\\\/karting-oder-laserspiel-bei-van-der-ende-racing-fun#breadcrumb\"},\"inLanguage\":\"de\",\"potentialAction\":[{\"@type\":\"ReadAction\",\"target\":[\"https:\\\/\\\/saharastay.nl\\\/de\\\/karting-oder-laserspiel-bei-van-der-ende-racing-fun\"]}]},{\"@type\":\"ImageObject\",\"inLanguage\":\"de\",\"@id\":\"https:\\\/\\\/saharastay.nl\\\/de\\\/karting-oder-laserspiel-bei-van-der-ende-racing-fun#primaryimage\",\"url\":\"https:\\\/\\\/saharastay.nl\\\/wp-content\\\/uploads\\\/2024\\\/09\\\/1-17.png\",\"contentUrl\":\"https:\\\/\\\/saharastay.nl\\\/wp-content\\\/uploads\\\/2024\\\/09\\\/1-17.png\"},{\"@type\":\"BreadcrumbList\",\"@id\":\"https:\\\/\\\/saharastay.nl\\\/de\\\/karting-oder-laserspiel-bei-van-der-ende-racing-fun#breadcrumb\",\"itemListElement\":[{\"@type\":\"ListItem\",\"position\":1,\"name\":\"Home\",\"item\":\"https:\\\/\\\/saharastay.nl\\\/de\\\/sahara-zuhause-bleiben\"},{\"@type\":\"ListItem\",\"position\":2,\"name\":\"Karting oder Laserspiel bei Van der Ende Racing &amp; Fun\"}]},{\"@type\":\"WebSite\",\"@id\":\"https:\\\/\\\/saharastay.nl\\\/de#website\",\"url\":\"https:\\\/\\\/saharastay.nl\\\/de\",\"name\":\"Sahara Stay\",\"description\":\"\",\"publisher\":{\"@id\":\"https:\\\/\\\/saharastay.nl\\\/de#organization\"},\"potentialAction\":[{\"@type\":\"SearchAction\",\"target\":{\"@type\":\"EntryPoint\",\"urlTemplate\":\"https:\\\/\\\/saharastay.nl\\\/de?s={search_term_string}\"},\"query-input\":{\"@type\":\"PropertyValueSpecification\",\"valueRequired\":true,\"valueName\":\"search_term_string\"}}],\"inLanguage\":\"de\"},{\"@type\":\"Organization\",\"@id\":\"https:\\\/\\\/saharastay.nl\\\/de#organization\",\"name\":\"Sahara Stay\",\"url\":\"https:\\\/\\\/saharastay.nl\\\/de\",\"logo\":{\"@type\":\"ImageObject\",\"inLanguage\":\"de\",\"@id\":\"https:\\\/\\\/saharastay.nl\\\/de#\\\/schema\\\/logo\\\/image\\\/\",\"url\":\"https:\\\/\\\/saharastay.nl\\\/wp-content\\\/uploads\\\/2022\\\/12\\\/Sahara_Stay_-_Surf_en_relax-removebg-preview.png\",\"contentUrl\":\"https:\\\/\\\/saharastay.nl\\\/wp-content\\\/uploads\\\/2022\\\/12\\\/Sahara_Stay_-_Surf_en_relax-removebg-preview.png\",\"width\":498,\"height\":501,\"caption\":\"Sahara Stay\"},\"image\":{\"@id\":\"https:\\\/\\\/saharastay.nl\\\/de#\\\/schema\\\/logo\\\/image\\\/\"},\"sameAs\":[\"https:\\\/\\\/www.facebook.com\\\/people\\\/Sahara-Stay\\\/100088721635844\\\/\",\"https:\\\/\\\/www.instagram.com\\\/saharastay\\\/\"]}]}<\/script>\n<!-- \/ Yoast SEO plugin. -->","yoast_head_json":{"title":"Karting oder Laserspiel bei Van der Ende Racing &amp; Fun - Sahara Stay","description":"Lust auf einen Nachmittag voller Adrenalin? Dann sind Sie bei Van der Ende Racing & Fun an der richtigen Adresse! Kommen Sie zum Go-Kart-Fahren oder zum Laser-Gaming.","robots":{"index":"index","follow":"follow","max-snippet":"max-snippet:-1","max-image-preview":"max-image-preview:large","max-video-preview":"max-video-preview:-1"},"canonical":"https:\/\/saharastay.nl\/de\/karting-oder-laserspiel-bei-van-der-ende-racing-fun","og_locale":"de_DE","og_type":"article","og_title":"Karting oder Laserspiel bei Van der Ende Racing &amp; Fun - Sahara Stay","og_description":"Lust auf einen Nachmittag voller Adrenalin? Dann sind Sie bei Van der Ende Racing & Fun an der richtigen Adresse! Kommen Sie zum Go-Kart-Fahren oder zum Laser-Gaming.","og_url":"https:\/\/saharastay.nl\/de\/karting-oder-laserspiel-bei-van-der-ende-racing-fun","og_site_name":"Sahara Stay","article_publisher":"https:\/\/www.facebook.com\/people\/Sahara-Stay\/100088721635844\/","article_modified_time":"2026-02-17T14:51:14+00:00","og_image":[{"url":"https:\/\/saharastay.nl\/wp-content\/uploads\/2024\/09\/1-17.png","type":"","width":"","height":""}],"twitter_card":"summary_large_image","twitter_misc":{"Gesch\u00e4tzte Lesezeit":"2\u00a0Minuten"},"schema":{"@context":"https:\/\/schema.org","@graph":[{"@type":"WebPage","@id":"https:\/\/saharastay.nl\/de\/karting-oder-laserspiel-bei-van-der-ende-racing-fun","url":"https:\/\/saharastay.nl\/de\/karting-oder-laserspiel-bei-van-der-ende-racing-fun","name":"Karting oder Laserspiel bei Van der Ende Racing &amp; Fun - Sahara Stay","isPartOf":{"@id":"https:\/\/saharastay.nl\/de#website"},"primaryImageOfPage":{"@id":"https:\/\/saharastay.nl\/de\/karting-oder-laserspiel-bei-van-der-ende-racing-fun#primaryimage"},"image":{"@id":"https:\/\/saharastay.nl\/de\/karting-oder-laserspiel-bei-van-der-ende-racing-fun#primaryimage"},"thumbnailUrl":"https:\/\/saharastay.nl\/wp-content\/uploads\/2024\/09\/1-17.png","datePublished":"2024-09-11T14:57:19+00:00","dateModified":"2026-02-17T14:51:14+00:00","description":"Lust auf einen Nachmittag voller Adrenalin? Dann sind Sie bei Van der Ende Racing & Fun an der richtigen Adresse! Kommen Sie zum Go-Kart-Fahren oder zum Laser-Gaming.","breadcrumb":{"@id":"https:\/\/saharastay.nl\/de\/karting-oder-laserspiel-bei-van-der-ende-racing-fun#breadcrumb"},"inLanguage":"de","potentialAction":[{"@type":"ReadAction","target":["https:\/\/saharastay.nl\/de\/karting-oder-laserspiel-bei-van-der-ende-racing-fun"]}]},{"@type":"ImageObject","inLanguage":"de","@id":"https:\/\/saharastay.nl\/de\/karting-oder-laserspiel-bei-van-der-ende-racing-fun#primaryimage","url":"https:\/\/saharastay.nl\/wp-content\/uploads\/2024\/09\/1-17.png","contentUrl":"https:\/\/saharastay.nl\/wp-content\/uploads\/2024\/09\/1-17.png"},{"@type":"BreadcrumbList","@id":"https:\/\/saharastay.nl\/de\/karting-oder-laserspiel-bei-van-der-ende-racing-fun#breadcrumb","itemListElement":[{"@type":"ListItem","position":1,"name":"Home","item":"https:\/\/saharastay.nl\/de\/sahara-zuhause-bleiben"},{"@type":"ListItem","position":2,"name":"Karting oder Laserspiel bei Van der Ende Racing &amp; Fun"}]},{"@type":"WebSite","@id":"https:\/\/saharastay.nl\/de#website","url":"https:\/\/saharastay.nl\/de","name":"Sahara Stay","description":"","publisher":{"@id":"https:\/\/saharastay.nl\/de#organization"},"potentialAction":[{"@type":"SearchAction","target":{"@type":"EntryPoint","urlTemplate":"https:\/\/saharastay.nl\/de?s={search_term_string}"},"query-input":{"@type":"PropertyValueSpecification","valueRequired":true,"valueName":"search_term_string"}}],"inLanguage":"de"},{"@type":"Organization","@id":"https:\/\/saharastay.nl\/de#organization","name":"Sahara Stay","url":"https:\/\/saharastay.nl\/de","logo":{"@type":"ImageObject","inLanguage":"de","@id":"https:\/\/saharastay.nl\/de#\/schema\/logo\/image\/","url":"https:\/\/saharastay.nl\/wp-content\/uploads\/2022\/12\/Sahara_Stay_-_Surf_en_relax-removebg-preview.png","contentUrl":"https:\/\/saharastay.nl\/wp-content\/uploads\/2022\/12\/Sahara_Stay_-_Surf_en_relax-removebg-preview.png","width":498,"height":501,"caption":"Sahara Stay"},"image":{"@id":"https:\/\/saharastay.nl\/de#\/schema\/logo\/image\/"},"sameAs":["https:\/\/www.facebook.com\/people\/Sahara-Stay\/100088721635844\/","https:\/\/www.instagram.com\/saharastay\/"]}]}},"_links":{"self":[{"href":"https:\/\/saharastay.nl\/de\/wp-json\/wp\/v2\/pages\/6214","targetHints":{"allow":["GET"]}}],"collection":[{"href":"https:\/\/saharastay.nl\/de\/wp-json\/wp\/v2\/pages"}],"about":[{"href":"https:\/\/saharastay.nl\/de\/wp-json\/wp\/v2\/types\/page"}],"author":[{"embeddable":true,"href":"https:\/\/saharastay.nl\/de\/wp-json\/wp\/v2\/users\/1"}],"replies":[{"embeddable":true,"href":"https:\/\/saharastay.nl\/de\/wp-json\/wp\/v2\/comments?post=6214"}],"version-history":[{"count":4,"href":"https:\/\/saharastay.nl\/de\/wp-json\/wp\/v2\/pages\/6214\/revisions"}],"predecessor-version":[{"id":6579,"href":"https:\/\/saharastay.nl\/de\/wp-json\/wp\/v2\/pages\/6214\/revisions\/6579"}],"wp:attachment":[{"href":"https:\/\/saharastay.nl\/de\/wp-json\/wp\/v2\/media?parent=6214"}],"curies":[{"name":"wp","href":"https:\/\/api.w.org\/{rel}","templated":true}]}}