{"id":6944,"date":"2025-09-11T13:15:59","date_gmt":"2025-09-11T13:15:59","guid":{"rendered":"https:\/\/saharastay.nl\/?page_id=6944"},"modified":"2026-02-17T14:56:28","modified_gmt":"2026-02-17T14:56:28","slug":"glamping-massage","status":"publish","type":"page","link":"https:\/\/saharastay.nl\/de\/glamping-massage","title":{"rendered":"Glamping Massage"},"content":{"rendered":"\t\t<div data-elementor-type=\"wp-page\" data-elementor-id=\"6944\" class=\"elementor elementor-6944 elementor-6942\" data-elementor-post-type=\"page\">\n\t\t\t\t\t\t<section class=\"elementor-section elementor-top-section elementor-element elementor-element-7ffa461f elementor-section-boxed elementor-section-height-default elementor-section-height-default\" data-id=\"7ffa461f\" data-element_type=\"section\" data-e-type=\"section\">\n\t\t\t\t\t\t<div class=\"elementor-container elementor-column-gap-default\">\n\t\t\t\t\t<div class=\"elementor-column elementor-col-100 elementor-top-column elementor-element elementor-element-72b54edc\" data-id=\"72b54edc\" data-element_type=\"column\" data-e-type=\"column\">\n\t\t\t<div class=\"elementor-widget-wrap elementor-element-populated\">\n\t\t\t\t\t\t<div class=\"elementor-element elementor-element-6bf4224f elementor-widget elementor-widget-heading\" data-id=\"6bf4224f\" data-element_type=\"widget\" data-e-type=\"widget\" data-widget_type=\"heading.default\">\n\t\t\t\t<div class=\"elementor-widget-container\">\n\t\t\t\t\t<h2 class=\"elementor-heading-title elementor-size-default\">Glamping Massage<\/h2>\t\t\t\t<\/div>\n\t\t\t\t<\/div>\n\t\t\t\t\t<\/div>\n\t\t<\/div>\n\t\t\t\t\t<\/div>\n\t\t<\/section>\n\t\t\t\t<section class=\"elementor-section elementor-top-section elementor-element elementor-element-516cace3 elementor-section-boxed elementor-section-height-default elementor-section-height-default\" data-id=\"516cace3\" data-element_type=\"section\" data-e-type=\"section\">\n\t\t\t\t\t\t<div class=\"elementor-container elementor-column-gap-default\">\n\t\t\t\t\t<div class=\"elementor-column elementor-col-33 elementor-top-column elementor-element elementor-element-1af5cfe5\" data-id=\"1af5cfe5\" data-element_type=\"column\" data-e-type=\"column\">\n\t\t\t<div class=\"elementor-widget-wrap elementor-element-populated\">\n\t\t\t\t\t\t<div class=\"elementor-element elementor-element-290d39b9 elementor-icon-list--layout-traditional elementor-list-item-link-full_width elementor-widget elementor-widget-icon-list\" data-id=\"290d39b9\" data-element_type=\"widget\" data-e-type=\"widget\" data-widget_type=\"icon-list.default\">\n\t\t\t\t<div class=\"elementor-widget-container\">\n\t\t\t\t\t\t\t<ul class=\"elementor-icon-list-items\">\n\t\t\t\t\t\t\t<li class=\"elementor-icon-list-item\">\n\t\t\t\t\t\t\t\t\t\t\t<span class=\"elementor-icon-list-icon\">\n\t\t\t\t\t\t\t<i aria-hidden=\"true\" class=\"fas fa-umbrella-beach\"><\/i>\t\t\t\t\t\t<\/span>\n\t\t\t\t\t\t\t\t\t\t<span class=\"elementor-icon-list-text\">Strand<\/span>\n\t\t\t\t\t\t\t\t\t<\/li>\n\t\t\t\t\t\t<\/ul>\n\t\t\t\t\t\t<\/div>\n\t\t\t\t<\/div>\n\t\t\t\t\t<\/div>\n\t\t<\/div>\n\t\t\t\t<div class=\"elementor-column elementor-col-33 elementor-top-column elementor-element elementor-element-61ef2806\" data-id=\"61ef2806\" data-element_type=\"column\" data-e-type=\"column\">\n\t\t\t<div class=\"elementor-widget-wrap elementor-element-populated\">\n\t\t\t\t\t\t<div class=\"elementor-element elementor-element-1ed1bbbc elementor-icon-list--layout-traditional elementor-list-item-link-full_width elementor-widget elementor-widget-icon-list\" data-id=\"1ed1bbbc\" data-element_type=\"widget\" data-e-type=\"widget\" data-widget_type=\"icon-list.default\">\n\t\t\t\t<div class=\"elementor-widget-container\">\n\t\t\t\t\t\t\t<ul class=\"elementor-icon-list-items\">\n\t\t\t\t\t\t\t<li class=\"elementor-icon-list-item\">\n\t\t\t\t\t\t\t\t\t\t\t<span class=\"elementor-icon-list-icon\">\n\t\t\t\t\t\t\t<i aria-hidden=\"true\" class=\"far fa-sun\"><\/i>\t\t\t\t\t\t<\/span>\n\t\t\t\t\t\t\t\t\t\t<span class=\"elementor-icon-list-text\">Feiertage<\/span>\n\t\t\t\t\t\t\t\t\t<\/li>\n\t\t\t\t\t\t<\/ul>\n\t\t\t\t\t\t<\/div>\n\t\t\t\t<\/div>\n\t\t\t\t\t<\/div>\n\t\t<\/div>\n\t\t\t\t<div class=\"elementor-column elementor-col-33 elementor-top-column elementor-element elementor-element-52afa7e0\" data-id=\"52afa7e0\" data-element_type=\"column\" data-e-type=\"column\">\n\t\t\t<div class=\"elementor-widget-wrap elementor-element-populated\">\n\t\t\t\t\t\t<div class=\"elementor-element elementor-element-40af0c1 elementor-icon-list--layout-traditional elementor-list-item-link-full_width elementor-widget elementor-widget-icon-list\" data-id=\"40af0c1\" data-element_type=\"widget\" data-e-type=\"widget\" data-widget_type=\"icon-list.default\">\n\t\t\t\t<div class=\"elementor-widget-container\">\n\t\t\t\t\t\t\t<ul class=\"elementor-icon-list-items\">\n\t\t\t\t\t\t\t<li class=\"elementor-icon-list-item\">\n\t\t\t\t\t\t\t\t\t\t\t<span class=\"elementor-icon-list-icon\">\n\t\t\t\t\t\t\t<i aria-hidden=\"true\" class=\"fas fa-water\"><\/i>\t\t\t\t\t\t<\/span>\n\t\t\t\t\t\t\t\t\t\t<span class=\"elementor-icon-list-text\">Surfen<\/span>\n\t\t\t\t\t\t\t\t\t<\/li>\n\t\t\t\t\t\t<\/ul>\n\t\t\t\t\t\t<\/div>\n\t\t\t\t<\/div>\n\t\t\t\t\t<\/div>\n\t\t<\/div>\n\t\t\t\t\t<\/div>\n\t\t<\/section>\n\t\t\t\t<section class=\"elementor-section elementor-top-section elementor-element elementor-element-2784adc9 elementor-section-boxed elementor-section-height-default elementor-section-height-default\" data-id=\"2784adc9\" data-element_type=\"section\" data-e-type=\"section\">\n\t\t\t\t\t\t<div class=\"elementor-container elementor-column-gap-default\">\n\t\t\t\t\t<div class=\"elementor-column elementor-col-50 elementor-top-column elementor-element elementor-element-238c294d\" data-id=\"238c294d\" data-element_type=\"column\" data-e-type=\"column\">\n\t\t\t<div class=\"elementor-widget-wrap elementor-element-populated\">\n\t\t\t\t\t\t<div class=\"elementor-element elementor-element-37c05ca7 elementor-widget elementor-widget-text-editor\" data-id=\"37c05ca7\" data-element_type=\"widget\" data-e-type=\"widget\" data-widget_type=\"text-editor.default\">\n\t\t\t\t<div class=\"elementor-widget-container\">\n\t\t\t\t\t\t\t\t\t<p>Entspannen Sie sich einfach bei einer k\u00f6stlichen Massage. Das ist genau das, was Sie nach einem ganzen Tag Surfen wollen. Bei uns warten die besten Masseurinnen auf Sie!<\/p>\t\t\t\t\t\t\t\t<\/div>\n\t\t\t\t<\/div>\n\t\t\t\t<div class=\"elementor-element elementor-element-d42d61f elementor-align-center elementor-widget elementor-widget-button\" data-id=\"d42d61f\" data-element_type=\"widget\" data-e-type=\"widget\" data-widget_type=\"button.default\">\n\t\t\t\t<div class=\"elementor-widget-container\">\n\t\t\t\t\t\t\t\t\t<div class=\"elementor-button-wrapper\">\n\t\t\t\t\t<a class=\"elementor-button elementor-button-link elementor-size-sm\" href=\"https:\/\/saharastay.nl\/de?page_id=6041\">\n\t\t\t\t\t\t<span class=\"elementor-button-content-wrapper\">\n\t\t\t\t\t\t\t\t\t<span class=\"elementor-button-text\">Mehr Informationen zum Surfunterricht<\/span>\n\t\t\t\t\t<\/span>\n\t\t\t\t\t<\/a>\n\t\t\t\t<\/div>\n\t\t\t\t\t\t\t\t<\/div>\n\t\t\t\t<\/div>\n\t\t\t\t<div class=\"elementor-element elementor-element-da9b5d3 elementor-widget elementor-widget-heading\" data-id=\"da9b5d3\" data-element_type=\"widget\" data-e-type=\"widget\" data-widget_type=\"heading.default\">\n\t\t\t\t<div class=\"elementor-widget-container\">\n\t\t\t\t\t<h2 class=\"elementor-heading-title elementor-size-default\">Trainerin Jacqueline<\/h2>\t\t\t\t<\/div>\n\t\t\t\t<\/div>\n\t\t\t\t<div class=\"elementor-element elementor-element-048d720 elementor-widget elementor-widget-text-editor\" data-id=\"048d720\" data-element_type=\"widget\" data-e-type=\"widget\" data-widget_type=\"text-editor.default\">\n\t\t\t\t<div class=\"elementor-widget-container\">\n\t\t\t\t\t\t\t\t\t<p>Hallo, ich bin Jaqueline und habe das Gl\u00fcck, in der N\u00e4he des Strandes zu leben.  <\/p><p>Daher ist es mein Lieblingsort, um Energie zu tanken und den Kopf frei zu bekommen. Mein 14-j\u00e4hriger Hund geht immer noch gerne spazieren!<\/p><p>Bewegung ist mir wichtig, sowohl mit Ihrem K\u00f6rper als auch mit Ihrem Geist. Und Sport kann auf viele Arten betrieben werden; tun Sie einfach, was Ihnen gef\u00e4llt! Bleiben Sie neugierig und verbunden mit den Menschen und der Welt um Sie herum<\/p><p>Ich habe eine Praxis, in der ich Shiatsu-Therapie und Stuhlmassage anbiete; <em>Jaqueline-Shiatsu<\/em>. Shiatsu ist eine japanische Form der Massage und wirkt auf die Meridiane (Energiebahnen), die Ihren K\u00f6rper durchziehen.  <\/p><p>Die Massage erfolgt \u00fcber der Kleidung und wird auf einer weichen Matte auf dem Boden oder auf einem Massagestuhl durchgef\u00fchrt. Eine Shiatsu-Massage kann Ihnen helfen, sich f\u00fcr eine Weile von der Welt um Sie herum zu l\u00f6sen&#8230;.<\/p><p>Shiatsu beruhigt Ihren K\u00f6rper und Geist. Erleben Sie es selbst bei Ihrem Aufenthalt im Sahara Stay.  <\/p><p>Ich freue mich, Sie zu sehen!  <\/p><p>Jacqueline<\/p><div><img decoding=\"async\" class=\"alignnone wp-image-974\" src=\"https:\/\/saharastay.nl\/wp-content\/uploads\/2023\/01\/jacqueline-295x300.jpg\" alt=\"\" width=\"99\" height=\"101\" srcset=\"https:\/\/saharastay.nl\/wp-content\/uploads\/2023\/01\/jacqueline-295x300.jpg 295w, https:\/\/saharastay.nl\/wp-content\/uploads\/2023\/01\/jacqueline-1008x1024.jpg 1008w, https:\/\/saharastay.nl\/wp-content\/uploads\/2023\/01\/jacqueline-768x780.jpg 768w, https:\/\/saharastay.nl\/wp-content\/uploads\/2023\/01\/jacqueline-1511x1536.jpg 1511w, https:\/\/saharastay.nl\/wp-content\/uploads\/2023\/01\/jacqueline-2015x2048.jpg 2015w\" sizes=\"(max-width: 99px) 100vw, 99px\" \/><\/div>\t\t\t\t\t\t\t\t<\/div>\n\t\t\t\t<\/div>\n\t\t\t\t<div class=\"elementor-element elementor-element-d897d2c elementor-widget elementor-widget-heading\" data-id=\"d897d2c\" data-element_type=\"widget\" data-e-type=\"widget\" data-widget_type=\"heading.default\">\n\t\t\t\t<div class=\"elementor-widget-container\">\n\t\t\t\t\t<h2 class=\"elementor-heading-title elementor-size-default\">Eine Massage buchen?<\/h2>\t\t\t\t<\/div>\n\t\t\t\t<\/div>\n\t\t\t\t<div class=\"elementor-element elementor-element-98b66ab elementor-widget elementor-widget-text-editor\" data-id=\"98b66ab\" data-element_type=\"widget\" data-e-type=\"widget\" data-widget_type=\"text-editor.default\">\n\t\t\t\t<div class=\"elementor-widget-container\">\n\t\t\t\t\t\t\t\t\t<p>Sie kommen bald in den Urlaub und sind bereit f\u00fcr eine wunderbare Massage? Geben Sie dies bei der Buchung an oder melden Sie es an der Rezeption und wir werden Ihre Massage arrangieren! &nbsp;<\/p>\t\t\t\t\t\t\t\t<\/div>\n\t\t\t\t<\/div>\n\t\t\t\t\t<\/div>\n\t\t<\/div>\n\t\t\t\t<div class=\"elementor-column elementor-col-50 elementor-top-column elementor-element elementor-element-e5e463e\" data-id=\"e5e463e\" data-element_type=\"column\" data-e-type=\"column\">\n\t\t\t<div class=\"elementor-widget-wrap elementor-element-populated\">\n\t\t\t\t\t\t<div class=\"elementor-element elementor-element-b2728af elementor-widget elementor-widget-image\" data-id=\"b2728af\" data-element_type=\"widget\" data-e-type=\"widget\" data-widget_type=\"image.default\">\n\t\t\t\t<div class=\"elementor-widget-container\">\n\t\t\t\t\t\t\t\t\t\t\t\t\t\t\t<img fetchpriority=\"high\" decoding=\"async\" width=\"724\" height=\"1024\" src=\"https:\/\/saharastay.nl\/wp-content\/uploads\/2025\/10\/Flyer-Poster-Zout-724x1024.png\" class=\"attachment-large size-large wp-image-6972\" alt=\"\" srcset=\"https:\/\/saharastay.nl\/wp-content\/uploads\/2025\/10\/Flyer-Poster-Zout-724x1024.png 724w, https:\/\/saharastay.nl\/wp-content\/uploads\/2025\/10\/Flyer-Poster-Zout-212x300.png 212w, https:\/\/saharastay.nl\/wp-content\/uploads\/2025\/10\/Flyer-Poster-Zout-768x1086.png 768w, https:\/\/saharastay.nl\/wp-content\/uploads\/2025\/10\/Flyer-Poster-Zout-1086x1536.png 1086w, https:\/\/saharastay.nl\/wp-content\/uploads\/2025\/10\/Flyer-Poster-Zout.png 1414w\" sizes=\"(max-width: 724px) 100vw, 724px\" \/>\t\t\t\t\t\t\t\t\t\t\t\t\t\t\t<\/div>\n\t\t\t\t<\/div>\n\t\t\t\t<div class=\"elementor-element elementor-element-27751d9 elementor-widget elementor-widget-image\" data-id=\"27751d9\" data-element_type=\"widget\" data-e-type=\"widget\" data-widget_type=\"image.default\">\n\t\t\t\t<div class=\"elementor-widget-container\">\n\t\t\t\t\t\t\t\t\t\t\t\t\t\t\t<img decoding=\"async\" width=\"724\" height=\"1024\" src=\"https:\/\/saharastay.nl\/wp-content\/uploads\/2025\/10\/Flyer-Poster-Zout-724x1024.jpg\" class=\"attachment-large size-large wp-image-6975\" alt=\"\" srcset=\"https:\/\/saharastay.nl\/wp-content\/uploads\/2025\/10\/Flyer-Poster-Zout-724x1024.jpg 724w, https:\/\/saharastay.nl\/wp-content\/uploads\/2025\/10\/Flyer-Poster-Zout-212x300.jpg 212w, https:\/\/saharastay.nl\/wp-content\/uploads\/2025\/10\/Flyer-Poster-Zout-768x1086.jpg 768w, https:\/\/saharastay.nl\/wp-content\/uploads\/2025\/10\/Flyer-Poster-Zout-1086x1536.jpg 1086w, https:\/\/saharastay.nl\/wp-content\/uploads\/2025\/10\/Flyer-Poster-Zout.jpg 1414w\" sizes=\"(max-width: 724px) 100vw, 724px\" \/>\t\t\t\t\t\t\t\t\t\t\t\t\t\t\t<\/div>\n\t\t\t\t<\/div>\n\t\t\t\t\t<\/div>\n\t\t<\/div>\n\t\t\t\t\t<\/div>\n\t\t<\/section>\n\t\t\t\t<\/div>\n\t\t","protected":false},"excerpt":{"rendered":"<p>Glamping Massage Strand Feiertage Surfen Entspannen Sie sich einfach bei einer k\u00f6stlichen Massage. Das ist genau das, was Sie nach einem ganzen Tag Surfen wollen. Bei uns warten die besten Masseurinnen auf Sie! Mehr Informationen zum Surfunterricht Trainerin Jacqueline Hallo, ich bin Jaqueline und habe das Gl\u00fcck, in der N\u00e4he des Strandes zu leben. Daher [&hellip;]<\/p>\n","protected":false},"author":1,"featured_media":0,"parent":0,"menu_order":0,"comment_status":"closed","ping_status":"closed","template":"","meta":{"footnotes":""},"class_list":["post-6944","page","type-page","status-publish","hentry"],"yoast_head":"<!-- This site is optimized with the Yoast SEO plugin v27.4 - https:\/\/yoast.com\/product\/yoast-seo-wordpress\/ -->\n<title>Glamping Massage - Sahara Stay<\/title>\n<meta name=\"description\" content=\"Wenn Sie ein Glamping mit Animation suchen, sind Sie bei uns genau richtig. Wir haben ein Animationsteam, das das ganze Jahr \u00fcber f\u00fcr Unterhaltung sorgt!\" \/>\n<meta name=\"robots\" content=\"index, follow, max-snippet:-1, max-image-preview:large, max-video-preview:-1\" \/>\n<link rel=\"canonical\" href=\"https:\/\/saharastay.nl\/de\/glamping-massage\" \/>\n<meta property=\"og:locale\" content=\"de_DE\" \/>\n<meta property=\"og:type\" content=\"article\" \/>\n<meta property=\"og:title\" content=\"Glamping Massage - Sahara Stay\" \/>\n<meta property=\"og:description\" content=\"Wenn Sie ein Glamping mit Animation suchen, sind Sie bei uns genau richtig. Wir haben ein Animationsteam, das das ganze Jahr \u00fcber f\u00fcr Unterhaltung sorgt!\" \/>\n<meta property=\"og:url\" content=\"https:\/\/saharastay.nl\/de\/glamping-massage\" \/>\n<meta property=\"og:site_name\" content=\"Sahara Stay\" \/>\n<meta property=\"article:publisher\" content=\"https:\/\/www.facebook.com\/people\/Sahara-Stay\/100088721635844\/\" \/>\n<meta property=\"article:modified_time\" content=\"2026-02-17T14:56:28+00:00\" \/>\n<meta property=\"og:image\" content=\"https:\/\/saharastay.nl\/wp-content\/uploads\/2023\/01\/jacqueline-295x300.jpg\" \/>\n<meta name=\"twitter:card\" content=\"summary_large_image\" \/>\n<meta name=\"twitter:label1\" content=\"Gesch\u00e4tzte Lesezeit\" \/>\n\t<meta name=\"twitter:data1\" content=\"2\u00a0Minuten\" \/>\n<script type=\"application\/ld+json\" class=\"yoast-schema-graph\">{\"@context\":\"https:\\\/\\\/schema.org\",\"@graph\":[{\"@type\":\"WebPage\",\"@id\":\"https:\\\/\\\/saharastay.nl\\\/de\\\/glamping-massage\",\"url\":\"https:\\\/\\\/saharastay.nl\\\/de\\\/glamping-massage\",\"name\":\"Glamping Massage - Sahara Stay\",\"isPartOf\":{\"@id\":\"https:\\\/\\\/saharastay.nl\\\/de#website\"},\"primaryImageOfPage\":{\"@id\":\"https:\\\/\\\/saharastay.nl\\\/de\\\/glamping-massage#primaryimage\"},\"image\":{\"@id\":\"https:\\\/\\\/saharastay.nl\\\/de\\\/glamping-massage#primaryimage\"},\"thumbnailUrl\":\"https:\\\/\\\/saharastay.nl\\\/wp-content\\\/uploads\\\/2023\\\/01\\\/jacqueline-295x300.jpg\",\"datePublished\":\"2025-09-11T13:15:59+00:00\",\"dateModified\":\"2026-02-17T14:56:28+00:00\",\"description\":\"Wenn Sie ein Glamping mit Animation suchen, sind Sie bei uns genau richtig. Wir haben ein Animationsteam, das das ganze Jahr \u00fcber f\u00fcr Unterhaltung sorgt!\",\"breadcrumb\":{\"@id\":\"https:\\\/\\\/saharastay.nl\\\/de\\\/glamping-massage#breadcrumb\"},\"inLanguage\":\"de\",\"potentialAction\":[{\"@type\":\"ReadAction\",\"target\":[\"https:\\\/\\\/saharastay.nl\\\/de\\\/glamping-massage\"]}]},{\"@type\":\"ImageObject\",\"inLanguage\":\"de\",\"@id\":\"https:\\\/\\\/saharastay.nl\\\/de\\\/glamping-massage#primaryimage\",\"url\":\"https:\\\/\\\/saharastay.nl\\\/wp-content\\\/uploads\\\/2023\\\/01\\\/jacqueline-295x300.jpg\",\"contentUrl\":\"https:\\\/\\\/saharastay.nl\\\/wp-content\\\/uploads\\\/2023\\\/01\\\/jacqueline-295x300.jpg\"},{\"@type\":\"BreadcrumbList\",\"@id\":\"https:\\\/\\\/saharastay.nl\\\/de\\\/glamping-massage#breadcrumb\",\"itemListElement\":[{\"@type\":\"ListItem\",\"position\":1,\"name\":\"Home\",\"item\":\"https:\\\/\\\/saharastay.nl\\\/de\\\/sahara-zuhause-bleiben\"},{\"@type\":\"ListItem\",\"position\":2,\"name\":\"Glamping Massage\"}]},{\"@type\":\"WebSite\",\"@id\":\"https:\\\/\\\/saharastay.nl\\\/de#website\",\"url\":\"https:\\\/\\\/saharastay.nl\\\/de\",\"name\":\"Sahara Stay\",\"description\":\"\",\"publisher\":{\"@id\":\"https:\\\/\\\/saharastay.nl\\\/de#organization\"},\"potentialAction\":[{\"@type\":\"SearchAction\",\"target\":{\"@type\":\"EntryPoint\",\"urlTemplate\":\"https:\\\/\\\/saharastay.nl\\\/de?s={search_term_string}\"},\"query-input\":{\"@type\":\"PropertyValueSpecification\",\"valueRequired\":true,\"valueName\":\"search_term_string\"}}],\"inLanguage\":\"de\"},{\"@type\":\"Organization\",\"@id\":\"https:\\\/\\\/saharastay.nl\\\/de#organization\",\"name\":\"Sahara Stay\",\"url\":\"https:\\\/\\\/saharastay.nl\\\/de\",\"logo\":{\"@type\":\"ImageObject\",\"inLanguage\":\"de\",\"@id\":\"https:\\\/\\\/saharastay.nl\\\/de#\\\/schema\\\/logo\\\/image\\\/\",\"url\":\"https:\\\/\\\/saharastay.nl\\\/wp-content\\\/uploads\\\/2022\\\/12\\\/Sahara_Stay_-_Surf_en_relax-removebg-preview.png\",\"contentUrl\":\"https:\\\/\\\/saharastay.nl\\\/wp-content\\\/uploads\\\/2022\\\/12\\\/Sahara_Stay_-_Surf_en_relax-removebg-preview.png\",\"width\":498,\"height\":501,\"caption\":\"Sahara Stay\"},\"image\":{\"@id\":\"https:\\\/\\\/saharastay.nl\\\/de#\\\/schema\\\/logo\\\/image\\\/\"},\"sameAs\":[\"https:\\\/\\\/www.facebook.com\\\/people\\\/Sahara-Stay\\\/100088721635844\\\/\",\"https:\\\/\\\/www.instagram.com\\\/saharastay\\\/\"]}]}<\/script>\n<!-- \/ Yoast SEO plugin. -->","yoast_head_json":{"title":"Glamping Massage - Sahara Stay","description":"Wenn Sie ein Glamping mit Animation suchen, sind Sie bei uns genau richtig. Wir haben ein Animationsteam, das das ganze Jahr \u00fcber f\u00fcr Unterhaltung sorgt!","robots":{"index":"index","follow":"follow","max-snippet":"max-snippet:-1","max-image-preview":"max-image-preview:large","max-video-preview":"max-video-preview:-1"},"canonical":"https:\/\/saharastay.nl\/de\/glamping-massage","og_locale":"de_DE","og_type":"article","og_title":"Glamping Massage - Sahara Stay","og_description":"Wenn Sie ein Glamping mit Animation suchen, sind Sie bei uns genau richtig. Wir haben ein Animationsteam, das das ganze Jahr \u00fcber f\u00fcr Unterhaltung sorgt!","og_url":"https:\/\/saharastay.nl\/de\/glamping-massage","og_site_name":"Sahara Stay","article_publisher":"https:\/\/www.facebook.com\/people\/Sahara-Stay\/100088721635844\/","article_modified_time":"2026-02-17T14:56:28+00:00","og_image":[{"url":"https:\/\/saharastay.nl\/wp-content\/uploads\/2023\/01\/jacqueline-295x300.jpg","type":"","width":"","height":""}],"twitter_card":"summary_large_image","twitter_misc":{"Gesch\u00e4tzte Lesezeit":"2\u00a0Minuten"},"schema":{"@context":"https:\/\/schema.org","@graph":[{"@type":"WebPage","@id":"https:\/\/saharastay.nl\/de\/glamping-massage","url":"https:\/\/saharastay.nl\/de\/glamping-massage","name":"Glamping Massage - Sahara Stay","isPartOf":{"@id":"https:\/\/saharastay.nl\/de#website"},"primaryImageOfPage":{"@id":"https:\/\/saharastay.nl\/de\/glamping-massage#primaryimage"},"image":{"@id":"https:\/\/saharastay.nl\/de\/glamping-massage#primaryimage"},"thumbnailUrl":"https:\/\/saharastay.nl\/wp-content\/uploads\/2023\/01\/jacqueline-295x300.jpg","datePublished":"2025-09-11T13:15:59+00:00","dateModified":"2026-02-17T14:56:28+00:00","description":"Wenn Sie ein Glamping mit Animation suchen, sind Sie bei uns genau richtig. Wir haben ein Animationsteam, das das ganze Jahr \u00fcber f\u00fcr Unterhaltung sorgt!","breadcrumb":{"@id":"https:\/\/saharastay.nl\/de\/glamping-massage#breadcrumb"},"inLanguage":"de","potentialAction":[{"@type":"ReadAction","target":["https:\/\/saharastay.nl\/de\/glamping-massage"]}]},{"@type":"ImageObject","inLanguage":"de","@id":"https:\/\/saharastay.nl\/de\/glamping-massage#primaryimage","url":"https:\/\/saharastay.nl\/wp-content\/uploads\/2023\/01\/jacqueline-295x300.jpg","contentUrl":"https:\/\/saharastay.nl\/wp-content\/uploads\/2023\/01\/jacqueline-295x300.jpg"},{"@type":"BreadcrumbList","@id":"https:\/\/saharastay.nl\/de\/glamping-massage#breadcrumb","itemListElement":[{"@type":"ListItem","position":1,"name":"Home","item":"https:\/\/saharastay.nl\/de\/sahara-zuhause-bleiben"},{"@type":"ListItem","position":2,"name":"Glamping Massage"}]},{"@type":"WebSite","@id":"https:\/\/saharastay.nl\/de#website","url":"https:\/\/saharastay.nl\/de","name":"Sahara Stay","description":"","publisher":{"@id":"https:\/\/saharastay.nl\/de#organization"},"potentialAction":[{"@type":"SearchAction","target":{"@type":"EntryPoint","urlTemplate":"https:\/\/saharastay.nl\/de?s={search_term_string}"},"query-input":{"@type":"PropertyValueSpecification","valueRequired":true,"valueName":"search_term_string"}}],"inLanguage":"de"},{"@type":"Organization","@id":"https:\/\/saharastay.nl\/de#organization","name":"Sahara Stay","url":"https:\/\/saharastay.nl\/de","logo":{"@type":"ImageObject","inLanguage":"de","@id":"https:\/\/saharastay.nl\/de#\/schema\/logo\/image\/","url":"https:\/\/saharastay.nl\/wp-content\/uploads\/2022\/12\/Sahara_Stay_-_Surf_en_relax-removebg-preview.png","contentUrl":"https:\/\/saharastay.nl\/wp-content\/uploads\/2022\/12\/Sahara_Stay_-_Surf_en_relax-removebg-preview.png","width":498,"height":501,"caption":"Sahara Stay"},"image":{"@id":"https:\/\/saharastay.nl\/de#\/schema\/logo\/image\/"},"sameAs":["https:\/\/www.facebook.com\/people\/Sahara-Stay\/100088721635844\/","https:\/\/www.instagram.com\/saharastay\/"]}]}},"_links":{"self":[{"href":"https:\/\/saharastay.nl\/de\/wp-json\/wp\/v2\/pages\/6944","targetHints":{"allow":["GET"]}}],"collection":[{"href":"https:\/\/saharastay.nl\/de\/wp-json\/wp\/v2\/pages"}],"about":[{"href":"https:\/\/saharastay.nl\/de\/wp-json\/wp\/v2\/types\/page"}],"author":[{"embeddable":true,"href":"https:\/\/saharastay.nl\/de\/wp-json\/wp\/v2\/users\/1"}],"replies":[{"embeddable":true,"href":"https:\/\/saharastay.nl\/de\/wp-json\/wp\/v2\/comments?post=6944"}],"version-history":[{"count":4,"href":"https:\/\/saharastay.nl\/de\/wp-json\/wp\/v2\/pages\/6944\/revisions"}],"predecessor-version":[{"id":7432,"href":"https:\/\/saharastay.nl\/de\/wp-json\/wp\/v2\/pages\/6944\/revisions\/7432"}],"wp:attachment":[{"href":"https:\/\/saharastay.nl\/de\/wp-json\/wp\/v2\/media?parent=6944"}],"curies":[{"name":"wp","href":"https:\/\/api.w.org\/{rel}","templated":true}]}}